{"id":20490,"date":"2020-02-05T05:13:19","date_gmt":"2020-02-05T10:13:19","guid":{"rendered":"https:\/\/www.spreadshop.com\/blog\/?p=20490"},"modified":"2020-02-05T05:13:19","modified_gmt":"2020-02-05T10:13:19","slug":"mere-kontrol-med-din-shop-og-oget-salg","status":"publish","type":"page","link":"https:\/\/www.spreadshop.com\/blog\/mere-kontrol-med-din-shop-og-oget-salg\/","title":{"rendered":"Mere kontrol med din shop og \u00f8get salg"},"content":{"rendered":"<div class='wp-caption aligncenter sprd-caption'>\n<div class='wp-caption-inner'><picture><img src='https:\/\/images.spreadshop.com\/image\/upload\/f_auto,q_70,t_postImgF_d\/v1622823712\/blog\/9_DK_blog_wxdhzr.jpg' alt=''\/><\/picture><\/div>\n<\/div>\n<p>Den 2. marts er tiden inde: Med vores nye afregningsmodel f\u00e5r du mere kontrol med din shop. P\u00e5 den m\u00e5de s\u00e6lger du mere, og dine indtjeningsmuligheder forenkles.<\/p>\n<p><!--more--><\/p>\n<p>Helt \u00e6rligt: Ville du med f\u00e5 ord kunne forklare, hvordan vores nuv\u00e6rende afregningsmodel fungerer? Hvordan det forholder sig med designpris, affiliate provision og bonus? Nej? S\u00e5 har vi gode nyheder til dig. Vores nye afregningsmodel er ikke blot enklere og mere brugervenlig, den g\u00f8r det ogs\u00e5 muligt for dig at \u00f8ge din indtjening. Fremover f\u00e5r du:<\/p>\n<ul>\n<li>mere kontrol over dine priser<\/li>\n<li>nye, prisbillige produkter<\/li>\n<li>en enkel og letforst\u00e5elig afregningsmodel<\/li>\n<\/ul>\n<h2>Farvel designpris<\/h2>\n<p>Hidtil har du fastsat en designpris for hvert enkelt design &#8211; uafh\u00e6ngigt af produktet. P\u00e5 den m\u00e5de blev din salgsprovision defineret af designet, ikke af produktet. Nu vender vi logikken om. Fremover fasts\u00e6tter du selv kundernes k\u00f8bspris for produkterne i din shop. Designprisen vil ikke l\u00e6ngere eksistere i Spreadshop. Din salgsprovision vil v\u00e6re differencen imellem basispris og kundens pris.<\/p>\n<div class='wp-caption aligncenter sprd-caption'>\n<div class='wp-caption-inner'><picture><img src='https:\/\/images.spreadshop.com\/image\/upload\/f_auto,q_70,t_postImgF_d\/v1622900427\/blog\/1_dk_kjb59h.jpg' alt=''\/><\/picture><\/div>\n<\/div>\n<h2>Produktm\u00e6ssig mangfoldighed<\/h2>\n<p>Den gamle designpris var for ufleksibel til et bredt produktsortiment. N\u00e5r du havde fastsat den \u00e9n gang for alle, var den g\u00e6ldende for alle produkter og for meget varierende produkttyper, lige fra buttons og basis-T-shirts til l\u00e6kre premium hoodies. Produkter i den billige ende, som f.eks. buttons eller musem\u00e5tter, blev for dyre med den gamle model. Og netop disse produkter vil vi gerne s\u00e6lge flere af i fremtiden. Produktsortimentet skal v\u00e6re bredere. Derfor lukker vi nu ned for den firkantede designprispolitik.<\/p>\n<p>Ingen kender dine kunder s\u00e5 godt, som du g\u00f8r. Med den nye afregningsmodel f\u00e5r du nu muligheden for at definere de bedste priser i netop din shop til dine kunder. Lukrativt for dig, attraktivt for dine kunder. Samtidig skaber vi grundlaget for en markant udvidelse af produktsortimentet.<\/p>\n<h2>Hej margin<\/h2>\n<p>Fremover definerer du alts\u00e5 ikke l\u00e6ngere st\u00f8rrelsen p\u00e5 din salgsprovision via designprisen, men derimod via kundens pris for produkterne. Differencen p\u00e5 basispris og kundens pris udg\u00f8r din margin. Det g\u00f8r priss\u00e6tningen i din shop meget lettere, fordi du fasts\u00e6tter priserne og dermed din margin for hver produkttype individuelt.<\/p>\n<div class='wp-caption aligncenter sprd-caption'>\n<div class='wp-caption-inner'><picture><img src='https:\/\/images.spreadshop.com\/image\/upload\/f_auto,q_70,t_postImgF_d\/v1622902024\/blog\/productprice_1_chaeta.jpg' alt=''\/><\/picture><\/div>\n<\/div>\n<p>Det bliver ogs\u00e5 muligt at hente specielle introprodukter med fristende lave priser til din shop og dermed tr\u00e6kke endnu flere kunder til shoppen &#8211; for eksempel en basis T-shirt til under 150 DKK. Samtidig kan du s\u00e6tte andre produkter til en h\u00f8jere pris og p\u00e5 den m\u00e5de \u00f8ge din margin &#8211; uafh\u00e6ngigt af designet. Helt kort: Du har fuld kontrol over din margin.<\/p>\n<h3><strong>Fleksible rabatter <\/strong><\/h3>\n<p>Fremover f\u00e5r du mere kontrol med rabatterne i din shop. Hver m\u00e5ned vil der v\u00e6re en eller to rabatkampagner, hvor du selv beslutter, om og hvorn\u00e5r kampagnen skal starte. Med lanceringen af den nye afregningsmodel kan du selv fasts\u00e6tte en startdato for en kalenderm\u00e5ned.<\/p>\n<div class='sprd_gallery_post sprd_gallery_post_lightbox sprd_gallery_post_0'>\n<div class='swiper-container'>\n<div class='swiper-wrapper'>\n<div class='swiper-slide'><a class='feather_gallery_post_0' href='https:\/\/images.spreadshop.com\/images\/f_auto,q_auto\/v1580214880\/blog\/promocalender_1_i7mw42\/promocalender_1_i7mw42.jpg?_i=AA'><picture><source srcset=\"https:\/\/images.spreadshop.com\/images\/f_auto,q_auto\/v1580214880\/blog\/promocalender_1_i7mw42\/promocalender_1_i7mw42.jpg?_i=AA\" media=\"(max-width: 479px)\"\/><source srcset=\"https:\/\/images.spreadshop.com\/images\/f_auto,q_auto\/v1580214880\/blog\/promocalender_1_i7mw42\/promocalender_1_i7mw42.jpg?_i=AA\" media=\"(max-width: 639px)\"\/><source srcset=\"https:\/\/images.spreadshop.com\/images\/f_auto,q_auto\/v1580214880\/blog\/promocalender_1_i7mw42\/promocalender_1_i7mw42.jpg?_i=AA\" media=\"(max-width: 991px)\"\/><img width=\"1400\" height=\"800\" src=\"https:\/\/images.spreadshop.com\/images\/w_1400,h_800\/f_auto,q_auto\/v1580214880\/blog\/promocalender_1_i7mw42\/promocalender_1_i7mw42.jpg?_i=AA\" alt=\"\" data-public-id=\"blog\/promocalender_1_i7mw42.jpg\" class=\"wp-post-0 wp-image-20547\" data-format=\"jpg\" data-transformations=\"f_auto,q_auto\" data-version=\"1580214880\" \/><\/picture><\/a><\/div>\n<div class='swiper-slide'><a class='feather_gallery_post_0' href='https:\/\/images.spreadshop.com\/images\/f_auto,q_auto\/v1623174926\/blog\/promocalender_2_qll9j7_205485e6bb\/promocalender_2_qll9j7_205485e6bb.jpg?_i=AA'><picture><source srcset=\"https:\/\/images.spreadshop.com\/images\/f_auto,q_auto\/v1623174926\/blog\/promocalender_2_qll9j7_205485e6bb\/promocalender_2_qll9j7_205485e6bb.jpg?_i=AA\" media=\"(max-width: 479px)\"\/><source srcset=\"https:\/\/images.spreadshop.com\/images\/f_auto,q_auto\/v1623174926\/blog\/promocalender_2_qll9j7_205485e6bb\/promocalender_2_qll9j7_205485e6bb.jpg?_i=AA\" media=\"(max-width: 639px)\"\/><source srcset=\"https:\/\/images.spreadshop.com\/images\/f_auto,q_auto\/v1623174926\/blog\/promocalender_2_qll9j7_205485e6bb\/promocalender_2_qll9j7_205485e6bb.jpg?_i=AA\" media=\"(max-width: 991px)\"\/><img width=\"1400\" height=\"800\" src=\"https:\/\/images.spreadshop.com\/images\/w_1400,h_800\/f_auto,q_auto\/v1623174926\/blog\/promocalender_2_qll9j7_205485e6bb\/promocalender_2_qll9j7_205485e6bb.jpg?_i=AA\" alt=\"\" data-public-id=\"blog\/promocalender_2_qll9j7_205485e6bb.jpg\" class=\"wp-post-0 wp-image-20548\" data-format=\"jpg\" data-transformations=\"f_auto,q_auto\" data-version=\"1623174926\" \/><\/picture><\/a><\/div>\n<div class='swiper-slide'><a class='feather_gallery_post_0' href='https:\/\/images.spreadshop.com\/images\/f_auto,q_auto\/v1580214880\/blog\/promocalender_3_ikljob\/promocalender_3_ikljob.jpg?_i=AA'><picture><source srcset=\"https:\/\/images.spreadshop.com\/images\/f_auto,q_auto\/v1580214880\/blog\/promocalender_3_ikljob\/promocalender_3_ikljob.jpg?_i=AA\" media=\"(max-width: 479px)\"\/><source srcset=\"https:\/\/images.spreadshop.com\/images\/f_auto,q_auto\/v1580214880\/blog\/promocalender_3_ikljob\/promocalender_3_ikljob.jpg?_i=AA\" media=\"(max-width: 639px)\"\/><source srcset=\"https:\/\/images.spreadshop.com\/images\/f_auto,q_auto\/v1580214880\/blog\/promocalender_3_ikljob\/promocalender_3_ikljob.jpg?_i=AA\" media=\"(max-width: 991px)\"\/><img width=\"1400\" height=\"800\" src=\"https:\/\/images.spreadshop.com\/images\/w_1400,h_800\/f_auto,q_auto\/v1580214880\/blog\/promocalender_3_ikljob\/promocalender_3_ikljob.jpg?_i=AA\" alt=\"\" data-public-id=\"blog\/promocalender_3_ikljob.jpg\" class=\"wp-post-0 wp-image-20549\" data-format=\"jpg\" data-transformations=\"f_auto,q_auto\" data-version=\"1580214880\" \/><\/picture><\/a><\/div>\n<\/div>\n<div class=\"swiper-pagination\"><\/div>\n<div class=\"swiper-button-prev\"><\/div>\n<div class=\"swiper-button-next\"><\/div>\n<\/div>\n<\/div>\n<p><u>Et eksempel:<\/u> Vi antager, at du i din shop har specialiseret dig i Cat Content. S\u00e5 er den internationale kattedag 8. august 2020 den perfekte dag at starte et reklamefremst\u00f8d. Du kan planl\u00e6gge dine rabatter strategisk rundt om den dato, sl\u00e5 grundigt p\u00e5 tromme p\u00e5 dine sociale medier, og p\u00e5 den m\u00e5de \u00f8ge salget.<\/p>\n<p>Kampagnen &#8220;fri fragt&#8221; betales helt og aldeles af Spreadshop. Den har ingen indflydelse p\u00e5 din salgsprovision. For alle \u00f8vrige kampagner g\u00e6lder, at vi deler omkostningerne. Din del udregnes p\u00e5 grundlag af din margin. Spreadshop betaler sin andel ud af basisprisen. Ved en rabat p\u00e5 15 % reduceres din margin dermed for hver enkel artikel solgt under kampagnen med 15 %. Spreadshop giver afkald p\u00e5 15 % af basisprisen.<\/p>\n<h3><strong>Forenklet trykudgiftsmodel<\/strong><\/h3>\n<p>Prisen for \u00e9t trykomr\u00e5de er medregnet i basisprisen. Hvis du eller dine kunder tilf\u00f8jer flere trykomr\u00e5der, stiger prisen for kunden med 35 DKK per ekstra trykomr\u00e5de. Dette \u00e6ndrer hverken din margin eller rabatudgifterne. Med introduktionen af den nye afregningsmodel bliver det lettere og billigere at placere flere designs og mere tekst p\u00e5 et trykomr\u00e5de. Vi afregner altid kun antallet af anvendte trykomr\u00e5der, ikke antallet af designs p\u00e5 det enkelte trykomr\u00e5de.<\/p>\n<div class='wp-caption aligncenter sprd-caption'>\n<div class='wp-caption-inner'><picture><img src='https:\/\/images.spreadshop.com\/image\/upload\/f_auto,q_70,t_postImgF_d\/v1622902121\/blog\/2_dk_vsztau.jpg' alt=''\/><\/picture><\/div>\n<\/div>\n<p>Eneste undtagelse: Hvis kunderne i din shops designtool anvender de prissatte communitydesigns, l\u00e6gges denne omkostning til kundens pris. Ogs\u00e5 her g\u00e6lder det, at din salgsprovision ikke \u00e6ndres.<\/p>\n<h3><strong>Din succes vil blive bel\u00f8nnet<\/strong><\/h3>\n<p>Jo mere der bliver solgt i dine shops i l\u00f8bet af en kalenderm\u00e5ned, jo mere s\u00e6nker vi den efterf\u00f8lgende m\u00e5neds basispriser. P\u00e5 den m\u00e5de \u00f8ges din margin helt automatisk. Denne bonus beregnes per konto med tilbagevirkende kraft for hver kalenderm\u00e5ned. P\u00e5 hvilke salgstrin basispriserne for dine shopprodukter reduceres og hvordan afregningsdetaljerne fungerer kan findes i denne <a href=\"https:\/\/help.spreadshop.com\/hc\/da\/articles\/360011203179\">artikel<\/a>.<\/p>\n<h3><strong>Hvad sker der nu?<\/strong><\/h3>\n<p>I partneromr\u00e5det kan du allerede nu tilpasse prisen p\u00e5 hvert enkelt produkt. De angivne priser er anbefalinger, som du kan bruge som inspiration hvis du vil. Du er alts\u00e5 helt fri til at fasts\u00e6tte dine priser. Tag et kig <a href=\"https:\/\/docs.google.com\/spreadsheets\/d\/1cnzxnl7peylMxvArze4PoyYnXUH8Yv_YtIVcL3ghpBs\/edit?usp=sharing\">p\u00e5 de nye priser med det samme<\/a>, lav de f\u00f8rste tilpasninger, og s\u00e6t dig stille og roligt ind i den nye afregningsmodel. De tilpassede priser vil v\u00e6re g\u00e6ldende fra den 2. marts. Du kan \u00e6ndre priserne, pr\u00e6cis s\u00e5 ofte du vil.<\/p>\n<p>Vores almindelige forretningsbetingelser \u00e6ndres med den nye afregningsmodel. Vi informerer dig i en separat mail om de nye <u>almindelige forretningsbetingelser<\/u>. \u00c6ndringerne vil v\u00e6re g\u00e6ldende for dig fremover, s\u00e5 du skal ikke foretage dig yderligere. Vi har samlet en udf\u00f8rlig <a href=\"https:\/\/www.spreadshop.com\/blog\/hvorfor-aendrer-spreadshop-sin-afregningsmodel\">FAQ<\/a> til dig med svar p\u00e5 alle sp\u00f8rgsm\u00e5l til den nye afregningsmodel.<\/p>\n<p style=\"text-align: center;\"><a class=\"standard-btn mermaid-btn\" href=\"https:\/\/partner.spreadshirt.dk\/login\/\">Tilpas produktpriser<\/a><\/p>\n<p><em>S\u00e6lger du p\u00e5 markedspladsen? S\u00e5 har vi mere information til dig <\/em><a href=\"https:\/\/blog.spreadshirt.net\/uk\/2020\/01\/24\/saelg-endnu-flere-designs-se-den-nye-prismodel-for-markedspladsen\"><em>her<\/em><\/a><em>.<\/em><\/p>\n","protected":false},"excerpt":{"rendered":"<p>Den 2. marts er tiden inde: Med vores nye afregningsmodel f\u00e5r du mere kontrol med din shop. P\u00e5 den m\u00e5de s\u00e6lger du mere, og dine indtjeningsmuligheder forenkles.<\/p>\n","protected":false},"author":674,"featured_media":20558,"parent":0,"menu_order":0,"comment_status":"closed","ping_status":"closed","template":"","meta":{"publish_to_discourse":"","publish_post_category":"","wpdc_auto_publish_overridden":"","wpdc_topic_tags":"","wpdc_pin_topic":"","wpdc_pin_until":"","discourse_post_id":"","discourse_permalink":"","wpdc_publishing_response":"","wpdc_publishing_error":"","_cloudinary_featured_overwrite":false},"yoast_head":"<!-- This site is optimized with the Yoast SEO Premium plugin v19.3 (Yoast SEO v19.7.1) - https:\/\/yoast.com\/wordpress\/plugins\/seo\/ -->\n<title>Mere kontrol med din shop og \u00f8get salg - The Spreadshop Blog<\/title>\n<meta name=\"robots\" content=\"index, follow, max-snippet:-1, max-image-preview:large, max-video-preview:-1\" \/>\n<link rel=\"canonical\" href=\"https:\/\/www.spreadshop.com\/blog\/mere-kontrol-med-din-shop-og-oget-salg\/\" \/>\n<meta property=\"og:locale\" content=\"en_US\" \/>\n<meta property=\"og:type\" content=\"article\" \/>\n<meta property=\"og:title\" content=\"Mere kontrol med din shop og \u00f8get salg\" \/>\n<meta property=\"og:description\" content=\"Den 2. marts er tiden inde: Med vores nye afregningsmodel f\u00e5r du mere kontrol med din shop. P\u00e5 den m\u00e5de s\u00e6lger du mere, og dine indtjeningsmuligheder forenkles.\" \/>\n<meta property=\"og:url\" content=\"https:\/\/www.spreadshop.com\/blog\/mere-kontrol-med-din-shop-og-oget-salg\/\" \/>\n<meta property=\"og:site_name\" content=\"The Spreadshop Blog\" \/>\n<meta property=\"og:image\" content=\"https:\/\/images.spreadshop.com\/images\/f_auto,q_auto\/v1623174924\/blog\/9_DK_blog_wxdhzr_20558e3841\/9_DK_blog_wxdhzr_20558e3841.jpg?_i=AA\" \/>\n\t<meta property=\"og:image:width\" content=\"1400\" \/>\n\t<meta property=\"og:image:height\" content=\"800\" \/>\n\t<meta property=\"og:image:type\" content=\"image\/jpeg\" \/>\n<meta name=\"twitter:label1\" content=\"Est. reading time\" \/>\n\t<meta name=\"twitter:data1\" content=\"5 minutes\" \/>\n<script type=\"application\/ld+json\" class=\"yoast-schema-graph\">{\"@context\":\"https:\/\/schema.org\",\"@graph\":[{\"@type\":\"WebPage\",\"@id\":\"https:\/\/www.spreadshop.com\/blog\/mere-kontrol-med-din-shop-og-oget-salg\/\",\"url\":\"https:\/\/www.spreadshop.com\/blog\/mere-kontrol-med-din-shop-og-oget-salg\/\",\"name\":\"Mere kontrol med din shop og \u00f8get salg - The Spreadshop Blog\",\"isPartOf\":{\"@id\":\"https:\/\/www.spreadshop.com\/blog\/#website\"},\"datePublished\":\"2020-02-05T10:13:19+00:00\",\"dateModified\":\"2020-02-05T10:13:19+00:00\",\"breadcrumb\":{\"@id\":\"https:\/\/www.spreadshop.com\/blog\/mere-kontrol-med-din-shop-og-oget-salg\/#breadcrumb\"},\"inLanguage\":\"en-US\",\"potentialAction\":[{\"@type\":\"ReadAction\",\"target\":[\"https:\/\/www.spreadshop.com\/blog\/mere-kontrol-med-din-shop-og-oget-salg\/\"]}]},{\"@type\":\"BreadcrumbList\",\"@id\":\"https:\/\/www.spreadshop.com\/blog\/mere-kontrol-med-din-shop-og-oget-salg\/#breadcrumb\",\"itemListElement\":[{\"@type\":\"ListItem\",\"position\":1,\"name\":\"Home\",\"item\":\"https:\/\/www.spreadshop.com\/blog\/\"},{\"@type\":\"ListItem\",\"position\":2,\"name\":\"Mere kontrol med din shop og \u00f8get salg\"}]},{\"@type\":\"WebSite\",\"@id\":\"https:\/\/www.spreadshop.com\/blog\/#website\",\"url\":\"https:\/\/www.spreadshop.com\/blog\/\",\"name\":\"The Spreadshop Blog\",\"description\":\"Spreadshop Blog\",\"potentialAction\":[{\"@type\":\"SearchAction\",\"target\":{\"@type\":\"EntryPoint\",\"urlTemplate\":\"https:\/\/www.spreadshop.com\/blog\/?s={search_term_string}\"},\"query-input\":\"required name=search_term_string\"}],\"inLanguage\":\"en-US\"}]}<\/script>\n<!-- \/ Yoast SEO Premium plugin. -->","yoast_head_json":{"title":"Mere kontrol med din shop og \u00f8get salg - The Spreadshop Blog","robots":{"index":"index","follow":"follow","max-snippet":"max-snippet:-1","max-image-preview":"max-image-preview:large","max-video-preview":"max-video-preview:-1"},"canonical":"https:\/\/www.spreadshop.com\/blog\/mere-kontrol-med-din-shop-og-oget-salg\/","og_locale":"en_US","og_type":"article","og_title":"Mere kontrol med din shop og \u00f8get salg","og_description":"Den 2. marts er tiden inde: Med vores nye afregningsmodel f\u00e5r du mere kontrol med din shop. P\u00e5 den m\u00e5de s\u00e6lger du mere, og dine indtjeningsmuligheder forenkles.","og_url":"https:\/\/www.spreadshop.com\/blog\/mere-kontrol-med-din-shop-og-oget-salg\/","og_site_name":"The Spreadshop Blog","og_image":[{"width":1400,"height":800,"url":"https:\/\/images.spreadshop.com\/images\/f_auto,q_auto\/v1623174924\/blog\/9_DK_blog_wxdhzr_20558e3841\/9_DK_blog_wxdhzr_20558e3841.jpg?_i=AA","type":"image\/jpeg"}],"twitter_misc":{"Est. reading time":"5 minutes"},"schema":{"@context":"https:\/\/schema.org","@graph":[{"@type":"WebPage","@id":"https:\/\/www.spreadshop.com\/blog\/mere-kontrol-med-din-shop-og-oget-salg\/","url":"https:\/\/www.spreadshop.com\/blog\/mere-kontrol-med-din-shop-og-oget-salg\/","name":"Mere kontrol med din shop og \u00f8get salg - The Spreadshop Blog","isPartOf":{"@id":"https:\/\/www.spreadshop.com\/blog\/#website"},"datePublished":"2020-02-05T10:13:19+00:00","dateModified":"2020-02-05T10:13:19+00:00","breadcrumb":{"@id":"https:\/\/www.spreadshop.com\/blog\/mere-kontrol-med-din-shop-og-oget-salg\/#breadcrumb"},"inLanguage":"en-US","potentialAction":[{"@type":"ReadAction","target":["https:\/\/www.spreadshop.com\/blog\/mere-kontrol-med-din-shop-og-oget-salg\/"]}]},{"@type":"BreadcrumbList","@id":"https:\/\/www.spreadshop.com\/blog\/mere-kontrol-med-din-shop-og-oget-salg\/#breadcrumb","itemListElement":[{"@type":"ListItem","position":1,"name":"Home","item":"https:\/\/www.spreadshop.com\/blog\/"},{"@type":"ListItem","position":2,"name":"Mere kontrol med din shop og \u00f8get salg"}]},{"@type":"WebSite","@id":"https:\/\/www.spreadshop.com\/blog\/#website","url":"https:\/\/www.spreadshop.com\/blog\/","name":"The Spreadshop Blog","description":"Spreadshop Blog","potentialAction":[{"@type":"SearchAction","target":{"@type":"EntryPoint","urlTemplate":"https:\/\/www.spreadshop.com\/blog\/?s={search_term_string}"},"query-input":"required name=search_term_string"}],"inLanguage":"en-US"}]}},"_links":{"self":[{"href":"https:\/\/www.spreadshop.com\/blog\/wp-json\/wp\/v2\/pages\/20490"}],"collection":[{"href":"https:\/\/www.spreadshop.com\/blog\/wp-json\/wp\/v2\/pages"}],"about":[{"href":"https:\/\/www.spreadshop.com\/blog\/wp-json\/wp\/v2\/types\/page"}],"author":[{"embeddable":true,"href":"https:\/\/www.spreadshop.com\/blog\/wp-json\/wp\/v2\/users\/674"}],"replies":[{"embeddable":true,"href":"https:\/\/www.spreadshop.com\/blog\/wp-json\/wp\/v2\/comments?post=20490"}],"version-history":[{"count":5,"href":"https:\/\/www.spreadshop.com\/blog\/wp-json\/wp\/v2\/pages\/20490\/revisions"}],"predecessor-version":[{"id":20675,"href":"https:\/\/www.spreadshop.com\/blog\/wp-json\/wp\/v2\/pages\/20490\/revisions\/20675"}],"wp:featuredmedia":[{"embeddable":true,"href":"https:\/\/www.spreadshop.com\/blog\/wp-json\/wp\/v2\/media\/20558"}],"wp:attachment":[{"href":"https:\/\/www.spreadshop.com\/blog\/wp-json\/wp\/v2\/media?parent=20490"}],"curies":[{"name":"wp","href":"https:\/\/api.w.org\/{rel}","templated":true}]}}