{"id":20497,"date":"2020-02-05T05:16:44","date_gmt":"2020-02-05T10:16:44","guid":{"rendered":"https:\/\/www.spreadshop.com\/blog\/?p=20497"},"modified":"2020-02-05T05:16:44","modified_gmt":"2020-02-05T10:16:44","slug":"por-que-cambia-spreadshop-su-modelo-de-remuneracion","status":"publish","type":"page","link":"https:\/\/www.spreadshop.com\/blog\/por-que-cambia-spreadshop-su-modelo-de-remuneracion\/","title":{"rendered":"\u00bfPor qu\u00e9 cambia Spreadshop su modelo de remuneraci\u00f3n?"},"content":{"rendered":"<p>En los pr\u00f3ximos meses ampliaremos considerablemente la gama de productos para tu tienda, especialmente con art\u00edculos de bajo precio como las pegatinas. Pero nuestro viejo modelo de remuneraci\u00f3n era demasiado inflexible para eso. La combinaci\u00f3n del precio del dise\u00f1o, la Comisi\u00f3n de Afiliado y la Comisi\u00f3n por Volumen no permit\u00eda precios competitivos para algunos tipos de productos. Esto lo hemos cambiado con el nuevo modelo de remuneraci\u00f3n.<\/p>\n<p><strong>\u00bfPor qu\u00e9 el nuevo modelo de remuneraci\u00f3n permite precios de entrada m\u00e1s favorables?<\/strong><\/p>\n<p>Ajustamos la Comisi\u00f3n por Volumen y eliminamos el precio del dise\u00f1o y la Comisi\u00f3n de Afiliado. Estos \u00faltimos fueron la raz\u00f3n principal de los elevados precios base del antiguo modelo de remuneraci\u00f3n.<\/p>\n<p><u>Un ejemplo:<\/u> Tomemos una camiseta con un precio de compra de 10 euros. Anteriormente, a este precio de compra hab\u00eda que a\u00f1adirle la Comisi\u00f3n de Afiliado del 20\u00a0% y luego la Comisi\u00f3n por Volumen m\u00e1s alta posible del 40\u00a0%. Esto aumentaba el precio de la camiseta a 16,80 euros. El problema: solo unos pocos Administradores de Tiendas alcanzaron regularmente el nivel m\u00e1s alto de Comisi\u00f3n por Volumen. Con todo, ten\u00edamos que tener esto en cuenta para todas las ventas. A esto se a\u00f1aden los costes de las campa\u00f1as de descuento. Para ello, calculamos una media del 15%, por lo que el precio de la camiseta ascend\u00eda a m\u00e1s de 19 euros.<\/p>\n<p><u>\u00bfCu\u00e1l es la novedad?<\/u> En el nuevo modelo de remuneraci\u00f3n ya no existir\u00e1 la Comisi\u00f3n de Afiliado. Por lo tanto, en el futuro podremos ofrecer diferentes tipos de productos con precios de entrada especialmente favorables. Empezaremos el a\u00f1o con pegatinas.<\/p>\n<p><strong>\u00bfCu\u00e1l es la diferencia entre el antiguo precio del dise\u00f1o y el nuevo margen?<\/strong><\/p>\n<p>Con el antiguo precio del dise\u00f1o t\u00fa determinabas cu\u00e1nto deb\u00eda costar un dise\u00f1o para el cliente, independientemente del producto. Por lo tanto, el monto de tu remuneraci\u00f3n se defin\u00eda por el dise\u00f1o, no por el producto. Ahora vamos a invertir esa l\u00f3gica. En el futuro, t\u00fa mismo fijar\u00e1s los precios de venta al cliente de los productos de tu tienda y tu remuneraci\u00f3n se basar\u00e1 en la diferencia entre el precio de venta al cliente y el precio base: tu margen.<\/p>\n<div class='wp-caption aligncenter sprd-caption'>\n<div class='wp-caption-inner'><picture><img width=\"1401\" height=\"801\" src=\"data:image\/svg+xml;base64,PHN2ZyB4bWxucz0iaHR0cDovL3d3dy53My5vcmcvMjAwMC9zdmciIHdpZHRoPSIxNDAxIiBoZWlnaHQ9IjgwMSI+PHJlY3Qgd2lkdGg9IjEwMCUiIGhlaWdodD0iMTAwJSI+PGFuaW1hdGUgYXR0cmlidXRlTmFtZT0iZmlsbCIgdmFsdWVzPSJyZ2JhKDE1MywxNTMsMTUzLDAuNSk7cmdiYSgxNTMsMTUzLDE1MywwLjEpO3JnYmEoMTUzLDE1MywxNTMsMC41KSIgZHVyPSIycyIgcmVwZWF0Q291bnQ9ImluZGVmaW5pdGUiIC8+PC9yZWN0Pjwvc3ZnPg==\" alt=\"\" data-public-id=\"blog\/1_es_fr0eod.jpg\" class=\"wp-post-20497 wp-image-20569\" data-format=\"jpg\" data-transformations=\"f_auto,q_auto\" data-version=\"1580214040\" data-size=\"1401 801\" data-delivery=\"upload\" onload=\";window.CLDBind?CLDBind(this):null;\" data-cloudinary=\"lazy\" \/><\/picture><\/div>\n<\/div>\n<p>Con esto cumplimos con el deseo de tener m\u00e1s control y responsabilidad en tus tiendas. Ahora puedes fijar t\u00fa mismo los precios para los clientes y dirigirte a tu p\u00fablico destinatario de forma a\u00fan m\u00e1s precisa.<\/p>\n<p><strong>\u00bfDisminuir\u00e1n mis ingresos?<\/strong><\/p>\n<p>Hemos dise\u00f1ado el nuevo modelo de remuneraci\u00f3n de tal manera que la mayor\u00eda de los Administradores de Tiendas pueden esperar una remuneraci\u00f3n comparable. Ahora bien, dado que los dos modelos de remuneraci\u00f3n son fundamentalmente diferentes y que en el futuro solamente tendremos <a href=\"https:\/\/docs.google.com\/spreadsheets\/d\/1BvidGaSHf3YZInNJfv75ga7purRo70wnMWbiBbWbUJ0\/edit?usp=sharing\">siete niveles de Comisi\u00f3n por Volumen<\/a> en lugar de 30 como en el modelo antiguo, por lo cu\u00e1l seguramente habr\u00e1 una variaci\u00f3n en las ganancias. Dependiendo de la combinaci\u00f3n de productos que ofertes, tu comisi\u00f3n puede incrementar o reducirse. Por eso te damos tres semanas para <a href=\"https:\/\/partner.spreadshirt.es\/login\">revisar tu combinaci\u00f3n de productos<\/a> antes de cambiar al nuevo modelo de remuneraci\u00f3n. Puedes ajustar los precios de venta al cliente y, por tanto, tu margen siempre que quieras y con la frecuencia que desees.<\/p>\n<p><strong>\u00bfC\u00f3mo puedo fijar los nuevos precios para los clientes de mi tienda?<\/strong><\/p>\n<p>Inicia sesi\u00f3n en tu <a href=\"https:\/\/partner.spreadshirt.es\/dashboard\">\u00c1rea de Socios<\/a>. En el men\u00fa de la tienda encontrar\u00e1s la nueva opci\u00f3n de men\u00fa \u00abPrecios y descuentos\u00bb. En \u00abPrecios\u00bb tienes la posibilidad de establecer el precio individual de venta al cliente para cada producto en la moneda de tu tienda. Nosotros sugerimos de entrada un precio de venta al cliente para cada producto. Podr\u00e1s aceptar este precio, pero no es obligatorio. Con el lanzamiento del nuevo modelo de remuneraci\u00f3n <strong>el 2 de marzo de 2020, se adoptar\u00e1n los nuevos precios de venta al cliente para todas tus tiendas<\/strong>. Por favor, recuerda que tienes que ajustar los precios de venta al cliente para cada una de tus tiendas por separado.<\/p>\n<div class='wp-caption aligncenter sprd-caption'>\n<div class='wp-caption-inner'><picture><img src='https:\/\/images.spreadshop.com\/image\/upload\/f_auto,q_70,t_postImgF_d\/v1622900430\/blog\/productprice_1_chaeta.jpg' alt=''\/><\/picture><\/div>\n<\/div>\n<p>Por regla general, podr\u00e1s ajustar los precios de venta al cliente tantas veces como desees y siempre que quieras. No obstante, ten en cuenta que pueden pasar hasta 30 minutos antes de que los nuevos precios se muestren en tu tienda. Esto est\u00e1 relacionado con el cach\u00e9 de del sistema.<\/p>\n<p><strong>\u00bfC\u00f3mo afecta la Comisi\u00f3n por Volumen a mi margen?<\/strong><\/p>\n<p>Con la Comisi\u00f3n por Volumen recompensamos a los Administradores de Tiendas cuyas tiendas venden una cantidad especialmente elevada de productos. Hay siete niveles de \u00e9xito. Tras alcanzar el l\u00edmite para uno de esos niveles, los precios base de la mayor\u00eda de los productos se reducen retroactivamente para el mes natural actual. Esto aumenta tu remuneraci\u00f3n sin que cambie el precio de venta al cliente, que se te pagar\u00e1 como una Comisi\u00f3n por Volumen en la pr\u00f3xima liquidaci\u00f3n. El primer nivel de \u00e9xito comienza con 50 art\u00edculos vendidos.<\/p>\n<div class=\"table-responsive\">\n<table class=\"table table-bordered\">\n<thead>\n<tr>\n<td width=\"113\">Nivel 1<\/td>\n<td width=\"161\">\u00a0\u00a0\u00a0 50-249<\/td>\n<\/tr>\n<tr>\n<td width=\"113\">Nivel 2<\/td>\n<td width=\"161\">\u00a0\u00a0\u00a0 250-499<\/td>\n<\/tr>\n<tr>\n<td width=\"113\">Nivel 3<\/td>\n<td width=\"161\">\u00a0\u00a0\u00a0 500-999<\/td>\n<\/tr>\n<tr>\n<td width=\"113\">Nivel 4<\/td>\n<td width=\"161\">\u00a0\u00a0\u00a0 1000-2499<\/td>\n<\/tr>\n<tr>\n<td width=\"113\">Nivel 5<\/td>\n<td width=\"161\">\u00a0\u00a0\u00a0 2500-4999<\/td>\n<\/tr>\n<tr>\n<td width=\"113\">Nivel 6<\/td>\n<td width=\"161\">\u00a0\u00a0\u00a0 5000-9999<\/td>\n<\/tr>\n<tr>\n<td width=\"113\">Nivel 7<\/td>\n<td width=\"161\">\u00a0\u00a0\u00a0 10\u00a0000+<\/td>\n<\/tr>\n<\/thead>\n<\/table>\n<\/div>\n<p>Un ejemplo: Estamos a 13 de abril y dentro de dos d\u00edas ser\u00e1 la pr\u00f3xima fecha tope para tu pago. En marzo vendiste 300 camisetas premium para hombre, 2 camisetas premium para mujer, 250 tazas y 40 camisetas de manga larga para hombre. Esto asciende a un total de 592 productos. Por lo tanto, has alcanzado el nivel de \u00e9xito tres. Esto reduce los precios base de todos los productos susceptibles de recibir la Comisi\u00f3n por Volumen. En el siguiente <a href=\"https:\/\/docs.google.com\/spreadsheets\/d\/1BvidGaSHf3YZInNJfv75ga7purRo70wnMWbiBbWbUJ0\/edit?usp=sharing\">resumen<\/a> podr\u00e1s consultar el importe exacto. En el siguiente mes contable, se volver\u00e1 a contar desde el principio.<\/p>\n<p>Algunos productos est\u00e1n excluidos de la Comisi\u00f3n por Volumen, es decir, no se cuentan. Se trata de productos ya muy baratos para los que una reducci\u00f3n del precio base no tendr\u00eda sentido. A partir del <strong>1 de marzo<\/strong>, el nuevo sistema de Comisi\u00f3n por Volumen se aplicar\u00e1 a todas las ventas en tus tiendas.<\/p>\n<p><strong>\u00bfQui\u00e9n paga las campa\u00f1as de descuentos?<\/strong><\/p>\n<p>El descuento \u00abEnv\u00edo gratuito\u00bb corre totalmente a cargo de Spreadshirt. No afecta para nada tu remuneraci\u00f3n. En todos los dem\u00e1s descuentos compartimos los costes.<\/p>\n<p><u>Ejemplo para un 20\u00a0% de descuento: <\/u>Para un producto con un precio base de 10 euros fijas un precio final de 50 euros. Esto supone un margen de 40 euros a tu favor. El cliente a\u00f1ade un \u00e1rea de impresi\u00f3n adicional y al final abona 54,50 euros. Si se beneficia de un descuento del 20\u00a0%, la parte de Spreadshop en el precio base y en el \u00e1rea de impresi\u00f3n adicional (=14,50 euros) se reduce en un 20\u00a0%. Tu margen de 40 euros tambi\u00e9n se reduce en un 20\u00a0% (= 8 euros). Al final obtendr\u00e1s un margen de 32 euros.<\/p>\n<div class='wp-caption aligncenter sprd-caption'>\n<div class='wp-caption-inner'><picture><img width=\"1401\" height=\"801\" src=\"data:image\/svg+xml;base64,PHN2ZyB4bWxucz0iaHR0cDovL3d3dy53My5vcmcvMjAwMC9zdmciIHdpZHRoPSIxNDAxIiBoZWlnaHQ9IjgwMSI+PHJlY3Qgd2lkdGg9IjEwMCUiIGhlaWdodD0iMTAwJSI+PGFuaW1hdGUgYXR0cmlidXRlTmFtZT0iZmlsbCIgdmFsdWVzPSJyZ2JhKDE1MywxNTMsMTUzLDAuNSk7cmdiYSgxNTMsMTUzLDE1MywwLjEpO3JnYmEoMTUzLDE1MywxNTMsMC41KSIgZHVyPSIycyIgcmVwZWF0Q291bnQ9ImluZGVmaW5pdGUiIC8+PC9yZWN0Pjwvc3ZnPg==\" alt=\"\" data-public-id=\"blog\/3_es_u8kids.jpg\" class=\"wp-post-20497 wp-image-20571\" data-format=\"jpg\" data-transformations=\"f_auto,q_auto\" data-version=\"1580214040\" data-size=\"1401 801\" data-delivery=\"upload\" onload=\";window.CLDBind?CLDBind(this):null;\" data-cloudinary=\"lazy\" \/><\/picture><\/div>\n<\/div>\n<p>Si no deseas aprovechar las acciones de descuento para aumentar las ventas de tu tienda, puedes desactivarlas en cualquier momento.<\/p>\n<p><strong>\u00bfPor qu\u00e9 me toca compartir los costes de las campa\u00f1as de descuentos?<\/strong><\/p>\n<p>Con el nuevo modelo de remuneraci\u00f3n, te damos m\u00e1s control que nunca sobre tu tienda y las campa\u00f1as de descuentos. Por lo tanto, en teor\u00eda puedes fijar un precio de venta al cliente a tu discreci\u00f3n y, por lo tanto, el margen que quieras conseguir con tus productos. Spreadshop debe pensar estrictamente en lo econ\u00f3mico para obtener lo mejor para vosotros, los Administradores de Tiendas. Por lo tanto, hemos decidido compartir los costes de los descuentos de manera justa.<\/p>\n<p>En el futuro podr\u00e1s desactivar cuando quieras campa\u00f1as de descuento individuales o todas las campa\u00f1as de descuento para tu tienda.<\/p>\n<p><strong>\u00bfCu\u00e1l es el porcentaje de descuento de mis ventas?<\/strong><\/p>\n<p>En tus <a href=\"https:\/\/partner.spreadshirt.es\/statistics\/sales\">estad\u00edsticas de ventas<\/a> puedes ver para cada venta individual a cu\u00e1nto ha ascendido tu parte por cada campa\u00f1a de descuento canjeada.<\/p>\n<p><strong>\u00bfD\u00f3nde se anuncian las pr\u00f3ximas campa\u00f1as de descuentos?<\/strong><\/p>\n<p>En el <a href=\"https:\/\/partner.spreadshirt.es\/dashboard\">panel de control<\/a> de tu \u00c1rea de Socios hemos creado un calendario para las pr\u00f3ximas campa\u00f1as de descuentos. A partir del 2 de marzo, con el lanzamiento del nuevo modelo de remuneraci\u00f3n, las campa\u00f1as de descuentos podr\u00e1n moverse de forma flexible dentro de un mes natural. Habr\u00e1 al menos dos descuentos por mes. Todas las campa\u00f1as est\u00e1n habilitadas por defecto.<\/p>\n<div class='wp-caption aligncenter sprd-caption'>\n<div class='wp-caption-inner'><picture><img width=\"1400\" height=\"800\" src=\"data:image\/svg+xml;base64,PHN2ZyB4bWxucz0iaHR0cDovL3d3dy53My5vcmcvMjAwMC9zdmciIHdpZHRoPSIxNDAwIiBoZWlnaHQ9IjgwMCI+PHJlY3Qgd2lkdGg9IjEwMCUiIGhlaWdodD0iMTAwJSI+PGFuaW1hdGUgYXR0cmlidXRlTmFtZT0iZmlsbCIgdmFsdWVzPSJyZ2JhKDE1MywxNTMsMTUzLDAuNSk7cmdiYSgxNTMsMTUzLDE1MywwLjEpO3JnYmEoMTUzLDE1MywxNTMsMC41KSIgZHVyPSIycyIgcmVwZWF0Q291bnQ9ImluZGVmaW5pdGUiIC8+PC9yZWN0Pjwvc3ZnPg==\" alt=\"\" data-public-id=\"blog\/promocalender_1_i7mw42.jpg\" class=\"wp-post-20497 wp-image-20547\" data-format=\"jpg\" data-transformations=\"f_auto,q_auto\" data-version=\"1580214880\" data-size=\"1400 800\" data-delivery=\"upload\" onload=\";window.CLDBind?CLDBind(this):null;\" data-cloudinary=\"lazy\" \/><\/picture><\/div>\n<\/div>\n<p><strong>\u00bfQu\u00e9 tengo que hacer para que el nuevo modelo de remuneraci\u00f3n se aplique a mis tiendas?<\/strong><\/p>\n<p>Nada. Te informaremos sobre las nuevas <a href=\"https:\/\/www.spreadshirt.es\/condiciones-C10183\"><u>CGC<\/u><\/a> en un correo electr\u00f3nico aparte. No tienes que hacer nada para aceptarlas, pero puedes rechazarlas. Si no recibimos noticias tuyas rechaz\u00e1ndolas en plazo de tres semanas a partir de la recepci\u00f3n del correo electr\u00f3nico, asumiremos que est\u00e1s de acuerdo y que has aceptado las nuevas condiciones generales de venta.<\/p>\n<p>Si abres tu Spreadshop despu\u00e9s del 5 de febrero, estar\u00e1s aceptando las nuevas CGC.<\/p>\n<p><strong>\u00bfQu\u00e9 pasa si rechazo las nuevas CGC?<\/strong><\/p>\n<p>Si no deseas aceptar las nuevas CGC, por favor env\u00eda tu oposici\u00f3n dentro de las 3 semanas siguientes a la recepci\u00f3n de nuestro correo electr\u00f3nico a <a href=\"mailto:opposition@spreadshirt.net.\">opposition@spreadshirt.net<\/a>.<\/p>\n<p>Si te opones a las nuevas condiciones a su debido tiempo, la relaci\u00f3n contractual existente continuar\u00e1 \u00a0bajo las condiciones previamente acordadas. Sin embargo, ten en cuenta que queremos tratar a todos nuestros socios de la misma manera y, por lo tanto, nos reservamos el derecho de rescindir la relaci\u00f3n contractual contigo de acuerdo con las disposiciones de las CGC vigentes hasta la fecha. Estaremos encantados de asesorarte, si as\u00ed lo deseas.<\/p>\n<p>Tus remuneraciones pendientes se pagar\u00e1n en marzo. Por favor, <a href=\"https:\/\/partner.spreadshirt.es\/account\">comprueba<\/a> si tus datos bancarios y de Paypal son correctos.<\/p>\n<p><strong>\u00bfPor qu\u00e9 mi liquidaci\u00f3n difiere de mi margen?<\/strong><\/p>\n<p>La discrepancia entre la informaci\u00f3n de tu liquidaci\u00f3n y tu margen puede deberse a tres razones:<\/p>\n<ol>\n<li>Tus clientes han activado un descuento para sus compras en tu tienda. Tu margen se reduce en funci\u00f3n de tu parte del descuento.<\/li>\n<li>El IVA var\u00eda seg\u00fan el pa\u00eds de entrega. Esto puede afectar al monto de tu margen. Es posible que estas discrepancias no se muestren en tiempo real en tus <a href=\"https:\/\/partner.spreadshirt.es\/statistics\/sales\">estad\u00edsticas de ventas<\/a>. No aparecer\u00e1n hasta la liquidaci\u00f3n.<\/li>\n<li>Si no tienes tu domicilio en Alemania, es posible que se realice una deducci\u00f3n fiscal de tu remuneraci\u00f3n. Esto depende de si el pa\u00eds donde resides ha firmado un convenio de doble imposici\u00f3n (CDI) con Alemania. <a href=\"https:\/\/help.spreadshop.com\/hc\/es\/articles\/360010410480\">Aqu\u00ed<\/a> puedes averiguar si en tu caso es aplicable la retenci\u00f3n de impuestos en origen.<\/li>\n<\/ol>\n<p><strong>\u00bfQu\u00e9 es una tienda sin \u00e1nimo de lucro?<\/strong><\/p>\n<p>Las tiendas sin \u00e1nimo de lucro pueden ser operadas, por ejemplo, por asociaciones u organizaciones que no desean hacer ganancias o que no pueden hacerlo sin perder su condici\u00f3n de entidades sin \u00e1nimo de lucro. Si deseas abrir una tienda sin \u00e1nimo de lucro, simplemente utiliza la opci\u00f3n sin \u00e1nimo de lucro de tu tienda para poner tu margen a cero con un solo clic. Tampoco recibir\u00e1s una Comisi\u00f3n por Volumen. <a href=\"https:\/\/help.spreadshop.com\/hc\/es\/articles\/360011204479\">Aqu\u00ed<\/a> encontrar\u00e1s m\u00e1s informaci\u00f3n al respecto.<\/p>\n","protected":false},"excerpt":{"rendered":"<p>En los pr\u00f3ximos meses ampliaremos considerablemente la gama de productos para tu tienda, especialmente con art\u00edculos de bajo precio como las pegatinas. Pero nuestro viejo modelo de remuneraci\u00f3n era demasiado inflexible para eso. La combinaci\u00f3n &hellip; <a href=\"https:\/\/www.spreadshop.com\/blog\/por-que-cambia-spreadshop-su-modelo-de-remuneracion\/\">Read more<\/a><\/p>\n","protected":false},"author":674,"featured_media":0,"parent":0,"menu_order":0,"comment_status":"closed","ping_status":"closed","template":"","meta":{"publish_to_discourse":"","publish_post_category":"","wpdc_auto_publish_overridden":"","wpdc_topic_tags":"","wpdc_pin_topic":"","wpdc_pin_until":"","discourse_post_id":"","discourse_permalink":"","wpdc_publishing_response":"","wpdc_publishing_error":"","_cloudinary_featured_overwrite":false},"yoast_head":"<!-- This site is optimized with the Yoast SEO Premium plugin v19.3 (Yoast SEO v19.7.1) - https:\/\/yoast.com\/wordpress\/plugins\/seo\/ -->\n<title>\u00bfPor qu\u00e9 cambia Spreadshop su modelo de remuneraci\u00f3n? - The Spreadshop Blog<\/title>\n<meta name=\"robots\" content=\"index, follow, max-snippet:-1, max-image-preview:large, max-video-preview:-1\" \/>\n<link rel=\"canonical\" href=\"https:\/\/www.spreadshop.com\/blog\/por-que-cambia-spreadshop-su-modelo-de-remuneracion\/\" \/>\n<meta property=\"og:locale\" content=\"en_US\" \/>\n<meta property=\"og:type\" content=\"article\" \/>\n<meta property=\"og:title\" content=\"\u00bfPor qu\u00e9 cambia Spreadshop su modelo de remuneraci\u00f3n?\" \/>\n<meta property=\"og:description\" content=\"En los pr\u00f3ximos meses ampliaremos considerablemente la gama de productos para tu tienda, especialmente con art\u00edculos de bajo precio como las pegatinas. Pero nuestro viejo modelo de remuneraci\u00f3n era demasiado inflexible para eso. La combinaci\u00f3n &hellip; Read more\" \/>\n<meta property=\"og:url\" content=\"https:\/\/www.spreadshop.com\/blog\/por-que-cambia-spreadshop-su-modelo-de-remuneracion\/\" \/>\n<meta property=\"og:site_name\" content=\"The Spreadshop Blog\" \/>\n<meta name=\"twitter:label1\" content=\"Est. reading time\" \/>\n\t<meta name=\"twitter:data1\" content=\"10 minutes\" \/>\n<script type=\"application\/ld+json\" class=\"yoast-schema-graph\">{\"@context\":\"https:\/\/schema.org\",\"@graph\":[{\"@type\":\"WebPage\",\"@id\":\"https:\/\/www.spreadshop.com\/blog\/por-que-cambia-spreadshop-su-modelo-de-remuneracion\/\",\"url\":\"https:\/\/www.spreadshop.com\/blog\/por-que-cambia-spreadshop-su-modelo-de-remuneracion\/\",\"name\":\"\u00bfPor qu\u00e9 cambia Spreadshop su modelo de remuneraci\u00f3n? - The Spreadshop Blog\",\"isPartOf\":{\"@id\":\"https:\/\/www.spreadshop.com\/blog\/#website\"},\"datePublished\":\"2020-02-05T10:16:44+00:00\",\"dateModified\":\"2020-02-05T10:16:44+00:00\",\"breadcrumb\":{\"@id\":\"https:\/\/www.spreadshop.com\/blog\/por-que-cambia-spreadshop-su-modelo-de-remuneracion\/#breadcrumb\"},\"inLanguage\":\"en-US\",\"potentialAction\":[{\"@type\":\"ReadAction\",\"target\":[\"https:\/\/www.spreadshop.com\/blog\/por-que-cambia-spreadshop-su-modelo-de-remuneracion\/\"]}]},{\"@type\":\"BreadcrumbList\",\"@id\":\"https:\/\/www.spreadshop.com\/blog\/por-que-cambia-spreadshop-su-modelo-de-remuneracion\/#breadcrumb\",\"itemListElement\":[{\"@type\":\"ListItem\",\"position\":1,\"name\":\"Home\",\"item\":\"https:\/\/www.spreadshop.com\/blog\/\"},{\"@type\":\"ListItem\",\"position\":2,\"name\":\"\u00bfPor qu\u00e9 cambia Spreadshop su modelo de remuneraci\u00f3n?\"}]},{\"@type\":\"WebSite\",\"@id\":\"https:\/\/www.spreadshop.com\/blog\/#website\",\"url\":\"https:\/\/www.spreadshop.com\/blog\/\",\"name\":\"The Spreadshop Blog\",\"description\":\"Spreadshop Blog\",\"potentialAction\":[{\"@type\":\"SearchAction\",\"target\":{\"@type\":\"EntryPoint\",\"urlTemplate\":\"https:\/\/www.spreadshop.com\/blog\/?s={search_term_string}\"},\"query-input\":\"required name=search_term_string\"}],\"inLanguage\":\"en-US\"}]}<\/script>\n<!-- \/ Yoast SEO Premium plugin. -->","yoast_head_json":{"title":"\u00bfPor qu\u00e9 cambia Spreadshop su modelo de remuneraci\u00f3n? - The Spreadshop Blog","robots":{"index":"index","follow":"follow","max-snippet":"max-snippet:-1","max-image-preview":"max-image-preview:large","max-video-preview":"max-video-preview:-1"},"canonical":"https:\/\/www.spreadshop.com\/blog\/por-que-cambia-spreadshop-su-modelo-de-remuneracion\/","og_locale":"en_US","og_type":"article","og_title":"\u00bfPor qu\u00e9 cambia Spreadshop su modelo de remuneraci\u00f3n?","og_description":"En los pr\u00f3ximos meses ampliaremos considerablemente la gama de productos para tu tienda, especialmente con art\u00edculos de bajo precio como las pegatinas. Pero nuestro viejo modelo de remuneraci\u00f3n era demasiado inflexible para eso. La combinaci\u00f3n &hellip; Read more","og_url":"https:\/\/www.spreadshop.com\/blog\/por-que-cambia-spreadshop-su-modelo-de-remuneracion\/","og_site_name":"The Spreadshop Blog","twitter_misc":{"Est. reading time":"10 minutes"},"schema":{"@context":"https:\/\/schema.org","@graph":[{"@type":"WebPage","@id":"https:\/\/www.spreadshop.com\/blog\/por-que-cambia-spreadshop-su-modelo-de-remuneracion\/","url":"https:\/\/www.spreadshop.com\/blog\/por-que-cambia-spreadshop-su-modelo-de-remuneracion\/","name":"\u00bfPor qu\u00e9 cambia Spreadshop su modelo de remuneraci\u00f3n? - The Spreadshop Blog","isPartOf":{"@id":"https:\/\/www.spreadshop.com\/blog\/#website"},"datePublished":"2020-02-05T10:16:44+00:00","dateModified":"2020-02-05T10:16:44+00:00","breadcrumb":{"@id":"https:\/\/www.spreadshop.com\/blog\/por-que-cambia-spreadshop-su-modelo-de-remuneracion\/#breadcrumb"},"inLanguage":"en-US","potentialAction":[{"@type":"ReadAction","target":["https:\/\/www.spreadshop.com\/blog\/por-que-cambia-spreadshop-su-modelo-de-remuneracion\/"]}]},{"@type":"BreadcrumbList","@id":"https:\/\/www.spreadshop.com\/blog\/por-que-cambia-spreadshop-su-modelo-de-remuneracion\/#breadcrumb","itemListElement":[{"@type":"ListItem","position":1,"name":"Home","item":"https:\/\/www.spreadshop.com\/blog\/"},{"@type":"ListItem","position":2,"name":"\u00bfPor qu\u00e9 cambia Spreadshop su modelo de remuneraci\u00f3n?"}]},{"@type":"WebSite","@id":"https:\/\/www.spreadshop.com\/blog\/#website","url":"https:\/\/www.spreadshop.com\/blog\/","name":"The Spreadshop Blog","description":"Spreadshop Blog","potentialAction":[{"@type":"SearchAction","target":{"@type":"EntryPoint","urlTemplate":"https:\/\/www.spreadshop.com\/blog\/?s={search_term_string}"},"query-input":"required name=search_term_string"}],"inLanguage":"en-US"}]}},"_links":{"self":[{"href":"https:\/\/www.spreadshop.com\/blog\/wp-json\/wp\/v2\/pages\/20497"}],"collection":[{"href":"https:\/\/www.spreadshop.com\/blog\/wp-json\/wp\/v2\/pages"}],"about":[{"href":"https:\/\/www.spreadshop.com\/blog\/wp-json\/wp\/v2\/types\/page"}],"author":[{"embeddable":true,"href":"https:\/\/www.spreadshop.com\/blog\/wp-json\/wp\/v2\/users\/674"}],"replies":[{"embeddable":true,"href":"https:\/\/www.spreadshop.com\/blog\/wp-json\/wp\/v2\/comments?post=20497"}],"version-history":[{"count":4,"href":"https:\/\/www.spreadshop.com\/blog\/wp-json\/wp\/v2\/pages\/20497\/revisions"}],"predecessor-version":[{"id":20665,"href":"https:\/\/www.spreadshop.com\/blog\/wp-json\/wp\/v2\/pages\/20497\/revisions\/20665"}],"wp:attachment":[{"href":"https:\/\/www.spreadshop.com\/blog\/wp-json\/wp\/v2\/media?parent=20497"}],"curies":[{"name":"wp","href":"https:\/\/api.w.org\/{rel}","templated":true}]}}