{"id":20523,"date":"2020-02-05T05:12:03","date_gmt":"2020-02-05T10:12:03","guid":{"rendered":"https:\/\/www.spreadshop.com\/blog\/?p=20523"},"modified":"2020-02-05T05:12:03","modified_gmt":"2020-02-05T10:12:03","slug":"varfor-andrar-spreadshop-sin-ersattningsmodell","status":"publish","type":"page","link":"https:\/\/www.spreadshop.com\/blog\/varfor-andrar-spreadshop-sin-ersattningsmodell\/","title":{"rendered":"Varf\u00f6r \u00e4ndrar Spreadshop sin ers\u00e4ttningsmodell?"},"content":{"rendered":"<p>Under de kommande m\u00e5naderna kommer vi att utvidga sortimentet f\u00f6r din butik betydligt \u2013 framf\u00f6r allt med billiga produkter som till exempel klisterm\u00e4rken. F\u00f6r dessa \u00e4r dock v\u00e5r nuvarande ers\u00e4ttningsmodell f\u00f6r oflexibel. Kombinationen av motivpris, affiliateprovision och framg\u00e5ngsbonus ger inte konkurrenskraftiga kundpriser f\u00f6r vissa produkttyper. Det har vi \u00e4ndrat med den nya ers\u00e4ttningsmodellen.<\/p>\n<p><strong>Varf\u00f6r blir billigare ing\u00e5ngspriser m\u00f6jliga med den nya ers\u00e4ttningsmodellen?<\/strong><\/p>\n<p>Vi anpassar framg\u00e5ngsbonusen och avskaffar motivpriset och affiliateprovisionen. De sistn\u00e4mnda var huvudsk\u00e4let till de h\u00f6ga grundpriserna i den gamla ers\u00e4ttningsmodellen.<\/p>\n<p><u>Ett exempel<\/u>: Vi tar en T-shirt med ett ink\u00f6pspris p\u00e5 10 euro. P\u00e5 detta ink\u00f6pspris har hittills affiliateprovisionen p\u00e5 20\u00a0% och sedan den h\u00f6gsta m\u00f6jliga framg\u00e5ngsbonusen p\u00e5 40\u00a0% lagts. D\u00e4rigenom \u00f6kade priset p\u00e5 T-shirten till 16,80 euro. Problemet var att v\u00e4ldigt f\u00e5 butiksinnehavare n\u00e5dde den h\u00f6gsta niv\u00e5n i framg\u00e5ngsbonusen regelbundet. Trots det var vi tvungna att ta med detta i ber\u00e4kningen f\u00f6r alla f\u00f6rs\u00e4ljningar. Kostnaderna f\u00f6r rabattkampanjerna tillkom ocks\u00e5. F\u00f6r detta r\u00e4knade vi med i genomsnitt 15\u00a0%, priset p\u00e5 T-shirten steg d\u00e4rmed till \u00f6ver 19 euro.<\/p>\n<p><u>Vad \u00e4r nytt?<\/u> Affiliateprovisionen kommer inte l\u00e4ngre att finnas i den nya ers\u00e4ttningsmodellen. D\u00e4rf\u00f6r kan vi erbjuda olika produkttyper med s\u00e4rskilt billiga ing\u00e5ngspriser fram\u00f6ver. Under \u00e5ret b\u00f6rjar det med klisterm\u00e4rken.<\/p>\n<p><strong>Vad \u00e4r skillnaden mellan det gamla motivpriset och den nya marginalen?<\/strong><\/p>\n<p>Med det gamla motivpriset best\u00e4mde du hur mycket ett motiv skulle kosta f\u00f6r kunderna, oberoende av produkten. D\u00e4rmed avgjordes din ers\u00e4ttning av motivet, inte produkten. Denna logik v\u00e4nder vi nu p\u00e5. Fram\u00f6ver fastst\u00e4ller du sj\u00e4lv kundpriserna f\u00f6r dina butiksprodukter och din ers\u00e4ttning grundar sig p\u00e5 skillnaden mellan kund- och grundpris \u2013 din marginal.<\/p>\n<div class='wp-caption aligncenter sprd-caption'>\n<div class='wp-caption-inner'><picture><img src='https:\/\/images.spreadshop.com\/image\/upload\/f_auto,q_70,t_postImgF_d\/v1622823734\/blog\/1_SV_iqonmo.jpg' alt=''\/><\/picture><\/div>\n<\/div>\n<p>D\u00e4rmed uppfyller vi \u00f6nskem\u00e5let om mer kontroll och ansvar f\u00f6r dina butiker. Nu kan du sj\u00e4lv fastst\u00e4lla dina kundpriser och tilltala din m\u00e5lgrupp b\u00e4ttre.<\/p>\n<p><strong>Kommer mina inkomster att sjunka?<\/strong><\/p>\n<p>Vi har utformat den nya ers\u00e4ttningsmodellen s\u00e5 att majoriteten av butiksinnehavarna kan r\u00e4kna med en likv\u00e4rdig ers\u00e4ttning. Eftersom de b\u00e5da ers\u00e4ttningsmodellerna dock skiljer sig \u00e5t v\u00e4sentligt och vi fram\u00f6ver bara kommer att ha <a href=\"https:\/\/docs.google.com\/spreadsheets\/d\/1mFTo_LAtpSxUrDvBUWEe90hgt4TiUxE3MOnmFtwW3f4\/edit?usp=sharing\">sju niv\u00e5er i framg\u00e5ngsbonusen<\/a> i st\u00e4llet f\u00f6r 30 som i den gamla modellen, kommer det att leda till b\u00e5de h\u00f6gre och l\u00e4gre inkomster. Beroende p\u00e5 produktmixen kan dessa effekter f\u00f6rst\u00e4rkas eller f\u00f6rsvagas. D\u00e4rf\u00f6r ger vi dig tre veckor f\u00f6r att\u00a0<a href=\"https:\/\/partner.spreadshirt.se\/login\">granska din produktmix<\/a> f\u00f6re omst\u00e4llningen till den nya ers\u00e4ttningsmodellen. Du kan anpassa kundpriserna och d\u00e4rmed din marginal n\u00e4r och hur ofta du vill.<\/p>\n<p><strong>Hur fastst\u00e4ller jag de nya kundpriserna i min butik?<\/strong><\/p>\n<p>Logga in i ditt <a href=\"https:\/\/partner.spreadshirt.se\/dashboard\">partneromr\u00e5de<\/a>. I butiksmenyn hittar du den nya menypunkten \u201dPriser och rabatter\u201d. Under \u201dPriser\u201d kan du fastst\u00e4lla kundpriset f\u00f6r varje enskild produkt i din butiks valuta. Vi f\u00f6resl\u00e5r ett kundpris f\u00f6r varje produkt. Det \u00e4r inget krav att anv\u00e4nda det f\u00f6relsagna priset, men det du kan anv\u00e4nda det som en referensram f\u00f6r det pris du vill s\u00e4tta. Med den nya ers\u00e4ttningsmodellens start <strong>den 3 februari 2020 inf\u00f6rs de nya kundpriserna i alla dina butiker<\/strong>. Observera att du m\u00e5ste anpassa kundpriserna separat f\u00f6r var och en av dina butiker.<\/p>\n<div class='wp-caption aligncenter sprd-caption'>\n<div class='wp-caption-inner'><picture><img src='https:\/\/images.spreadshop.com\/image\/upload\/f_auto,q_70,t_postImgF_d\/v1622900446\/blog\/productprice_1_chaeta.jpg' alt=''\/><\/picture><\/div>\n<\/div>\n<p>Generellt \u00a0kan du anpassa kundpriserna hur ofta och n\u00e4r du vill. T\u00e4nk dock p\u00e5 att det ibland kan ta upp till 30 minuter innan de nya priserna visas i din butik. Det beror p\u00e5 cache i v\u00e5ra system.<\/p>\n<p><strong>Hur p\u00e5verkar framg\u00e5ngsbonusen min marginal?<\/strong><\/p>\n<p>Med framg\u00e5ngsbonusen bel\u00f6nar vi butiksinnehavare vars butiker har s\u00e5lt s\u00e4rskilt m\u00e5nga produkter. Det finns sju framg\u00e5ngsniv\u00e5er och n\u00e4r dessa n\u00e5s s\u00e4nks grundpriserna p\u00e5 de flesta produkter retroaktivt f\u00f6r den aktuella kalenderm\u00e5naden. D\u00e4rigenom h\u00f6js ers\u00e4ttningen som betalas ut till dig som framg\u00e5ngsbonus med n\u00e4sta avr\u00e4kning, medan kundpriset f\u00f6rblir of\u00f6r\u00e4ndrat. Den f\u00f6rsta framg\u00e5ngsniv\u00e5n b\u00f6rjar redan vid 50 s\u00e5lda artiklar.<\/p>\n<div class=\"table-responsive\">\n<table class=\"table table-bordered\">\n<thead>\n<tr>\n<td width=\"113\">Niv\u00e5 1<\/td>\n<td width=\"161\">\u00a0\u00a0\u00a0 50\u2013249<\/td>\n<\/tr>\n<tr>\n<td width=\"113\">Niv\u00e5 2<\/td>\n<td width=\"161\">\u00a0\u00a0\u00a0 250\u2013499<\/td>\n<\/tr>\n<tr>\n<td width=\"113\">Niv\u00e5 3<\/td>\n<td width=\"161\">\u00a0\u00a0\u00a0 500\u2013999<\/td>\n<\/tr>\n<tr>\n<td width=\"113\">Niv\u00e5 4<\/td>\n<td width=\"161\">\u00a0\u00a0\u00a0 1\u00a0000\u20132\u00a0499<\/td>\n<\/tr>\n<tr>\n<td width=\"113\">Niv\u00e5 5<\/td>\n<td width=\"161\">\u00a0\u00a0\u00a0 2\u00a0500\u20134\u00a0999<\/td>\n<\/tr>\n<tr>\n<td width=\"113\">Niv\u00e5 6<\/td>\n<td width=\"161\">\u00a0\u00a0\u00a0 5\u00a0000\u20139\u00a0999<\/td>\n<\/tr>\n<tr>\n<td width=\"113\">Niv\u00e5 7<\/td>\n<td width=\"161\">\u00a0\u00a0\u00a0 10\u00a0000+<\/td>\n<\/tr>\n<\/thead>\n<\/table>\n<\/div>\n<p>Ett exempel: Det \u00e4r den 13 april och om tv\u00e5 dagar \u00e4r n\u00e4sta fastst\u00e4llda dag f\u00f6r din utbetalning. I mars s\u00e5lde du 300 premium-T-shirts herr, 2 premium-T-shirts dam, 250 muggar och 40 l\u00e5ng\u00e4rmade T-shirts f\u00f6r herrar. Det blir sammanlagt 592 produkter. Du har allts\u00e5 n\u00e5tt framg\u00e5ngsniv\u00e5 tre. D\u00e4rmed s\u00e4nks grundpriserna f\u00f6r alla produkter som \u00e4r kvalificerade f\u00f6r framg\u00e5ngsbonusen \u2013 med exakt hur mycket f\u00e5r du veta i denna <a href=\"https:\/\/docs.google.com\/spreadsheets\/d\/1mFTo_LAtpSxUrDvBUWEe90hgt4TiUxE3MOnmFtwW3f4\/edit?usp=sharing\">\u00f6versikt<\/a>. I n\u00e4sta avr\u00e4kningsm\u00e5nad b\u00f6rjar r\u00e4kningen om fr\u00e5n b\u00f6rjan.<\/p>\n<p>N\u00e5gra produkter \u00e4r undantagna fr\u00e5n framg\u00e5ngsbonusen, vilket inneb\u00e4r att de inte r\u00e4knas med. Det \u00e4r mycket billiga produkter d\u00e4r en s\u00e4nkning av grundpriset saknar mening. Fr\u00e5n den <strong>1 mars<\/strong> till\u00e4mpas de nya reglerna f\u00f6r framg\u00e5ngsbonusen p\u00e5 all f\u00f6rs\u00e4ljning i dina butiker.<\/p>\n<p><strong>Vem betalar f\u00f6r rabattkampanjerna?<\/strong><\/p>\n<p>Rabatten \u201dfraktfritt\u201d betalar Spreadshirt helt ur egen ficka. Den p\u00e5verkar inte din ers\u00e4ttning. Vid alla andra rabatter delar vi p\u00e5 kostnaderna.<\/p>\n<p><u>Exempel p\u00e5 20\u00a0% rabatt:<\/u> F\u00f6r en produkt med ett grundpris p\u00e5 10 euro fastst\u00e4ller du ett slutpris p\u00e5 50 euro. D\u00e5 blir marginalen 40 euro f\u00f6r dig. Kunden l\u00e4gger till ett extra tryckomr\u00e5de och betalar till slut 54,50 euro. Om kunden l\u00f6ser in en rabatt p\u00e5 20\u00a0% minskas Spreadshops andel av grundpriset och det extra tryckomr\u00e5det (=\u00a014,50 euro) med 20\u00a0%. Din marginal p\u00e5 40 euro minskas ocks\u00e5 med 20\u00a0% (= 8 \u20ac). Du f\u00e5r till slut en marginal p\u00e5 32 euro.<\/p>\n<div class='wp-caption aligncenter sprd-caption'>\n<div class='wp-caption-inner'><picture><img src='https:\/\/images.spreadshop.com\/image\/upload\/f_auto,q_70,t_postImgF_d\/v1622902043\/blog\/3_SV_z4stga.jpg' alt=''\/><\/picture><\/div>\n<\/div>\n<p>Om du inte vill anv\u00e4nda rabattkampanjer f\u00f6r att s\u00e4tta fart p\u00e5 f\u00f6rs\u00e4ljningen i din butik kan du alltid avaktivera dem.<\/p>\n<p><strong>Varf\u00f6r f\u00e5r jag st\u00e5 f\u00f6r en del av kostnaderna f\u00f6r rabattkampanjerna?<\/strong><\/p>\n<p>Med den nya ers\u00e4ttningsmodellen ger vi dig mer kontroll \u00f6ver din butik och dina rabattkampanjer \u00e4n n\u00e5gonsin tidigare. P\u00e5 det s\u00e4ttet kan du teoretiskt sett fastst\u00e4lla ett s\u00e5 h\u00f6gt kundpris som du vill och d\u00e4rmed en s\u00e5 h\u00f6g marginal f\u00f6r dina produkter som du vill. Spreadshop m\u00e5ste t\u00e4nka strikt ekonomiskt f\u00f6r att kunna f\u00e5 ut det b\u00e4sta f\u00f6r er butiksinnehavare. D\u00e4rf\u00f6r har vi best\u00e4mt att vi ska dela p\u00e5 kostnaderna f\u00f6r rabatterna r\u00e4ttvist.<\/p>\n<p>Fram\u00f6ver kan du n\u00e4r som helst avaktivera enskilda eller alla rabattkampanjer i din butik.<\/p>\n<p><strong>Hur h\u00f6g \u00e4r rabattandelen av min f\u00f6rs\u00e4ljning?<\/strong><\/p>\n<p>I din <a href=\"https:\/\/partner.spreadshirt.se\/statistics\/sales\">f\u00f6rs\u00e4ljningsstatistik<\/a>\u00a0kan du se f\u00f6r varje f\u00f6rs\u00e4ljning hur h\u00f6g din andel av de aktuella inl\u00f6sta rabattkampanjerna \u00e4r.<\/p>\n<p><strong>Var tillk\u00e4nnages n\u00e4sta rabattkampanj?<\/strong><\/p>\n<p>I ditt partneromr\u00e5de har vi skapat en kalender f\u00f6r de kommande rabattkampanjerna i <a href=\"https:\/\/partner.spreadshirt.se\/dashboard\">instrumentpanelen<\/a>. Fr\u00e5n den 2 mars, n\u00e4r den nya ers\u00e4ttningsmodellen startar, kan rabattkampanjerna flyttas flexibelt inom en m\u00e5nad. Det kommer att finnas minst tv\u00e5 rabatter per m\u00e5nad. Alla kampanjer aktiveras som standard.<\/p>\n<div class='wp-caption aligncenter sprd-caption'>\n<div class='wp-caption-inner'><picture><img width=\"1400\" height=\"800\" src=\"data:image\/svg+xml;base64,PHN2ZyB4bWxucz0iaHR0cDovL3d3dy53My5vcmcvMjAwMC9zdmciIHdpZHRoPSIxNDAwIiBoZWlnaHQ9IjgwMCI+PHJlY3Qgd2lkdGg9IjEwMCUiIGhlaWdodD0iMTAwJSI+PGFuaW1hdGUgYXR0cmlidXRlTmFtZT0iZmlsbCIgdmFsdWVzPSJyZ2JhKDE1MywxNTMsMTUzLDAuNSk7cmdiYSgxNTMsMTUzLDE1MywwLjEpO3JnYmEoMTUzLDE1MywxNTMsMC41KSIgZHVyPSIycyIgcmVwZWF0Q291bnQ9ImluZGVmaW5pdGUiIC8+PC9yZWN0Pjwvc3ZnPg==\" alt=\"\" data-public-id=\"blog\/promocalender_1_i7mw42.jpg\" class=\"wp-post-20523 wp-image-20547\" data-format=\"jpg\" data-transformations=\"f_auto,q_auto\" data-version=\"1580214880\" data-size=\"1400 800\" data-delivery=\"upload\" onload=\";window.CLDBind?CLDBind(this):null;\" data-cloudinary=\"lazy\" \/><\/picture><\/div>\n<\/div>\n<p><strong>Vad m\u00e5ste jag g\u00f6ra f\u00f6r att den nya ers\u00e4ttningsmodellen ska g\u00e4lla f\u00f6r mina butiker?<\/strong><\/p>\n<p>Ingenting. Vi informerar om de nya <a href=\"https:\/\/www.spreadshirt.se\/allmaenna-villkoren-C10183\"><u>allm\u00e4nna villkoren<\/u><\/a> i ett separat e-postmeddelande. Om vi inte h\u00f6r n\u00e5got som mots\u00e4ger det fr\u00e5n dig inom tre veckor efter att meddelandet har mottagits, utg\u00e5r vi fr\u00e5n att du accepterar detta.<\/p>\n<p>Om du \u00f6ppnar din Spreadshop efter den 5 februari accepterar du redan de nya allm\u00e4nna villkoren.<\/p>\n<p><strong>Vad h\u00e4nder om jag avvisar de nya allm\u00e4nna villkoren?<\/strong><\/p>\n<p>Om du inte vill acceptera de nya allm\u00e4nna villkoren riktar du din inv\u00e4ndning till <a href=\"mailto:opposition@spreadshirt.net.\">opposition@spreadshirt.net<\/a> inom 3 veckor efter att v\u00e5rt e-postmeddelande har mottagits.<\/p>\n<p>Om du inv\u00e4nder mot de nya allm\u00e4nna villkoren inom utsatt tid, forts\u00e4tter det befintliga avtalsf\u00f6rh\u00e5llandet principiellt enligt de hittills \u00f6verenskomna villkoren. Observera dock att vi vill behandla alla v\u00e5ra partner lika och f\u00f6rbeh\u00e5ller oss d\u00e4rf\u00f6r r\u00e4tten att s\u00e4ga upp avtalsf\u00f6rh\u00e5llandet med dig enligt best\u00e4mmelserna i de hittills g\u00e4llande allm\u00e4nna villkoren. Vid behov ger vi dig g\u00e4rna r\u00e5d.<\/p>\n<p>Dina utest\u00e5ende ers\u00e4ttningar betalas ut i mars. <a href=\"https:\/\/partner.spreadshirt.se\/account\">Kontrollera<\/a> om dina angivna bank- och Paypal-uppgifter \u00e4r korrekta.<\/p>\n<p><strong>Varf\u00f6r avviker min utbetalning fr\u00e5n min marginal?<\/strong><\/p>\n<p>Skillnaden mellan uppgifterna i din utbetalning och din marginal kan ha tre orsaker:<\/p>\n<ul>\n<li>Dina kunder har aktiverat en rabatt f\u00f6r sitt k\u00f6p i din butik. Genom din rabattandel minskas din marginal i motsvarande grad.<\/li>\n<li>Merv\u00e4rdesskatten \u00e4r olika beroende p\u00e5 leveransland. Det kan p\u00e5verkar hur h\u00f6g din marginal blir. Dessa avvikelser kan ibland inte visas i realtid i din \u00a0<a href=\"https:\/\/partner.spreadshirt.se\/statistics\/sales\">f\u00f6rs\u00e4ljningsstatistik<\/a>. De visas f\u00f6rst i avr\u00e4kningen.<\/li>\n<li>Om du inte har din hemvist\/s\u00e4te i Tyskland kan det h\u00e4nda att ett skatteavdrag g\u00f6rs p\u00e5 din ers\u00e4ttning. Det beror p\u00e5 om ditt hemvistland har ing\u00e5tt ett dubbelbeskattningsavtal (DBA) med Tyskland. <a href=\"https:\/\/help.spreadshop.com\/hc\/sv\/articles\/360010410480\">H\u00e4r<\/a> f\u00e5r du veta om en k\u00e4llskatt ska betalas i ditt fall.<\/li>\n<\/ul>\n<p><strong>Vad \u00e4r en icke-vinstdrivande butik?<\/strong><\/p>\n<p>Icke-vinstdrivande butiker \u00e4r till exempel ideella f\u00f6reningar eller organisationer som inte f\u00e5r g\u00e5 med vinst, eftersom de annars f\u00f6rlorar sin status som ideella. Om du vill avst\u00e5 fr\u00e5n vinster i din butik anv\u00e4nder du helt enkelt det icke-vinstdrivande alternativet f\u00f6r din butik f\u00f6r att s\u00e4tta din marginal p\u00e5 noll med ett klick. D\u00e5 f\u00e5r du heller ingen framg\u00e5ngsbonus. Mer information om det hittar du <a href=\"https:\/\/help.spreadshop.com\/hc\/sv\/articles\/360011204479\">h\u00e4r<\/a>.<\/p>\n","protected":false},"excerpt":{"rendered":"<p>Under de kommande m\u00e5naderna kommer vi att utvidga sortimentet f\u00f6r din butik betydligt \u2013 framf\u00f6r allt med billiga produkter som till exempel klisterm\u00e4rken. F\u00f6r dessa \u00e4r dock v\u00e5r nuvarande ers\u00e4ttningsmodell f\u00f6r oflexibel. Kombinationen av motivpris, &hellip; <a href=\"https:\/\/www.spreadshop.com\/blog\/varfor-andrar-spreadshop-sin-ersattningsmodell\/\">Read more<\/a><\/p>\n","protected":false},"author":674,"featured_media":0,"parent":0,"menu_order":0,"comment_status":"closed","ping_status":"closed","template":"","meta":{"publish_to_discourse":"","publish_post_category":"","wpdc_auto_publish_overridden":"","wpdc_topic_tags":"","wpdc_pin_topic":"","wpdc_pin_until":"","discourse_post_id":"","discourse_permalink":"","wpdc_publishing_response":"","wpdc_publishing_error":"","_cloudinary_featured_overwrite":false},"yoast_head":"<!-- This site is optimized with the Yoast SEO Premium plugin v19.3 (Yoast SEO v19.7.1) - https:\/\/yoast.com\/wordpress\/plugins\/seo\/ -->\n<title>Varf\u00f6r \u00e4ndrar Spreadshop sin ers\u00e4ttningsmodell? - The Spreadshop Blog<\/title>\n<meta name=\"robots\" content=\"index, follow, max-snippet:-1, max-image-preview:large, max-video-preview:-1\" \/>\n<link rel=\"canonical\" href=\"https:\/\/www.spreadshop.com\/blog\/varfor-andrar-spreadshop-sin-ersattningsmodell\/\" \/>\n<meta property=\"og:locale\" content=\"en_US\" \/>\n<meta property=\"og:type\" content=\"article\" \/>\n<meta property=\"og:title\" content=\"Varf\u00f6r \u00e4ndrar Spreadshop sin ers\u00e4ttningsmodell?\" \/>\n<meta property=\"og:description\" content=\"Under de kommande m\u00e5naderna kommer vi att utvidga sortimentet f\u00f6r din butik betydligt \u2013 framf\u00f6r allt med billiga produkter som till exempel klisterm\u00e4rken. F\u00f6r dessa \u00e4r dock v\u00e5r nuvarande ers\u00e4ttningsmodell f\u00f6r oflexibel. Kombinationen av motivpris, &hellip; Read more\" \/>\n<meta property=\"og:url\" content=\"https:\/\/www.spreadshop.com\/blog\/varfor-andrar-spreadshop-sin-ersattningsmodell\/\" \/>\n<meta property=\"og:site_name\" content=\"The Spreadshop Blog\" \/>\n<meta name=\"twitter:label1\" content=\"Est. reading time\" \/>\n\t<meta name=\"twitter:data1\" content=\"9 minutes\" \/>\n<script type=\"application\/ld+json\" class=\"yoast-schema-graph\">{\"@context\":\"https:\/\/schema.org\",\"@graph\":[{\"@type\":\"WebPage\",\"@id\":\"https:\/\/www.spreadshop.com\/blog\/varfor-andrar-spreadshop-sin-ersattningsmodell\/\",\"url\":\"https:\/\/www.spreadshop.com\/blog\/varfor-andrar-spreadshop-sin-ersattningsmodell\/\",\"name\":\"Varf\u00f6r \u00e4ndrar Spreadshop sin ers\u00e4ttningsmodell? - The Spreadshop Blog\",\"isPartOf\":{\"@id\":\"https:\/\/www.spreadshop.com\/blog\/#website\"},\"datePublished\":\"2020-02-05T10:12:03+00:00\",\"dateModified\":\"2020-02-05T10:12:03+00:00\",\"breadcrumb\":{\"@id\":\"https:\/\/www.spreadshop.com\/blog\/varfor-andrar-spreadshop-sin-ersattningsmodell\/#breadcrumb\"},\"inLanguage\":\"en-US\",\"potentialAction\":[{\"@type\":\"ReadAction\",\"target\":[\"https:\/\/www.spreadshop.com\/blog\/varfor-andrar-spreadshop-sin-ersattningsmodell\/\"]}]},{\"@type\":\"BreadcrumbList\",\"@id\":\"https:\/\/www.spreadshop.com\/blog\/varfor-andrar-spreadshop-sin-ersattningsmodell\/#breadcrumb\",\"itemListElement\":[{\"@type\":\"ListItem\",\"position\":1,\"name\":\"Home\",\"item\":\"https:\/\/www.spreadshop.com\/blog\/\"},{\"@type\":\"ListItem\",\"position\":2,\"name\":\"Varf\u00f6r \u00e4ndrar Spreadshop sin ers\u00e4ttningsmodell?\"}]},{\"@type\":\"WebSite\",\"@id\":\"https:\/\/www.spreadshop.com\/blog\/#website\",\"url\":\"https:\/\/www.spreadshop.com\/blog\/\",\"name\":\"The Spreadshop Blog\",\"description\":\"Spreadshop Blog\",\"potentialAction\":[{\"@type\":\"SearchAction\",\"target\":{\"@type\":\"EntryPoint\",\"urlTemplate\":\"https:\/\/www.spreadshop.com\/blog\/?s={search_term_string}\"},\"query-input\":\"required name=search_term_string\"}],\"inLanguage\":\"en-US\"}]}<\/script>\n<!-- \/ Yoast SEO Premium plugin. -->","yoast_head_json":{"title":"Varf\u00f6r \u00e4ndrar Spreadshop sin ers\u00e4ttningsmodell? - The Spreadshop Blog","robots":{"index":"index","follow":"follow","max-snippet":"max-snippet:-1","max-image-preview":"max-image-preview:large","max-video-preview":"max-video-preview:-1"},"canonical":"https:\/\/www.spreadshop.com\/blog\/varfor-andrar-spreadshop-sin-ersattningsmodell\/","og_locale":"en_US","og_type":"article","og_title":"Varf\u00f6r \u00e4ndrar Spreadshop sin ers\u00e4ttningsmodell?","og_description":"Under de kommande m\u00e5naderna kommer vi att utvidga sortimentet f\u00f6r din butik betydligt \u2013 framf\u00f6r allt med billiga produkter som till exempel klisterm\u00e4rken. F\u00f6r dessa \u00e4r dock v\u00e5r nuvarande ers\u00e4ttningsmodell f\u00f6r oflexibel. Kombinationen av motivpris, &hellip; Read more","og_url":"https:\/\/www.spreadshop.com\/blog\/varfor-andrar-spreadshop-sin-ersattningsmodell\/","og_site_name":"The Spreadshop Blog","twitter_misc":{"Est. reading time":"9 minutes"},"schema":{"@context":"https:\/\/schema.org","@graph":[{"@type":"WebPage","@id":"https:\/\/www.spreadshop.com\/blog\/varfor-andrar-spreadshop-sin-ersattningsmodell\/","url":"https:\/\/www.spreadshop.com\/blog\/varfor-andrar-spreadshop-sin-ersattningsmodell\/","name":"Varf\u00f6r \u00e4ndrar Spreadshop sin ers\u00e4ttningsmodell? - The Spreadshop Blog","isPartOf":{"@id":"https:\/\/www.spreadshop.com\/blog\/#website"},"datePublished":"2020-02-05T10:12:03+00:00","dateModified":"2020-02-05T10:12:03+00:00","breadcrumb":{"@id":"https:\/\/www.spreadshop.com\/blog\/varfor-andrar-spreadshop-sin-ersattningsmodell\/#breadcrumb"},"inLanguage":"en-US","potentialAction":[{"@type":"ReadAction","target":["https:\/\/www.spreadshop.com\/blog\/varfor-andrar-spreadshop-sin-ersattningsmodell\/"]}]},{"@type":"BreadcrumbList","@id":"https:\/\/www.spreadshop.com\/blog\/varfor-andrar-spreadshop-sin-ersattningsmodell\/#breadcrumb","itemListElement":[{"@type":"ListItem","position":1,"name":"Home","item":"https:\/\/www.spreadshop.com\/blog\/"},{"@type":"ListItem","position":2,"name":"Varf\u00f6r \u00e4ndrar Spreadshop sin ers\u00e4ttningsmodell?"}]},{"@type":"WebSite","@id":"https:\/\/www.spreadshop.com\/blog\/#website","url":"https:\/\/www.spreadshop.com\/blog\/","name":"The Spreadshop Blog","description":"Spreadshop Blog","potentialAction":[{"@type":"SearchAction","target":{"@type":"EntryPoint","urlTemplate":"https:\/\/www.spreadshop.com\/blog\/?s={search_term_string}"},"query-input":"required name=search_term_string"}],"inLanguage":"en-US"}]}},"_links":{"self":[{"href":"https:\/\/www.spreadshop.com\/blog\/wp-json\/wp\/v2\/pages\/20523"}],"collection":[{"href":"https:\/\/www.spreadshop.com\/blog\/wp-json\/wp\/v2\/pages"}],"about":[{"href":"https:\/\/www.spreadshop.com\/blog\/wp-json\/wp\/v2\/types\/page"}],"author":[{"embeddable":true,"href":"https:\/\/www.spreadshop.com\/blog\/wp-json\/wp\/v2\/users\/674"}],"replies":[{"embeddable":true,"href":"https:\/\/www.spreadshop.com\/blog\/wp-json\/wp\/v2\/comments?post=20523"}],"version-history":[{"count":4,"href":"https:\/\/www.spreadshop.com\/blog\/wp-json\/wp\/v2\/pages\/20523\/revisions"}],"predecessor-version":[{"id":20681,"href":"https:\/\/www.spreadshop.com\/blog\/wp-json\/wp\/v2\/pages\/20523\/revisions\/20681"}],"wp:attachment":[{"href":"https:\/\/www.spreadshop.com\/blog\/wp-json\/wp\/v2\/media?parent=20523"}],"curies":[{"name":"wp","href":"https:\/\/api.w.org\/{rel}","templated":true}]}}