{"id":11488,"date":"2019-06-05T13:42:35","date_gmt":"2019-06-05T11:42:35","guid":{"rendered":"https:\/\/www.spreadshop.com\/fr\/blog\/?p=11488"},"modified":"2019-06-17T10:14:09","modified_gmt":"2019-06-17T08:14:09","slug":"activer-des-produits","status":"publish","type":"page","link":"https:\/\/www.spreadshop.com\/fr\/blog\/guide-boutique\/activer-des-produits\/","title":{"rendered":"Activer des produits"},"content":{"rendered":"<p>Nous ajoutons r\u00e9guli\u00e8rement de nouveaux produits \u00e0 notre gamme. Nous vous montrons ici comment ajouter de nouveaux produits \u00e0 votre s\u00e9lection et gagner du temps avec les fonctionnalit\u00e9s du Spreadshop.<\/p>\n<div class=\"shariff shariff-align-left shariff-widget-align-left\">\n<ul class=\"shariff-buttons theme-default orientation-horizontal buttonsize-medium\">\n<li class=\"shariff-button facebook shariff-nocustomcolor\" style=\"background-color:#4273c8\"><a href=\"https:\/\/www.facebook.com\/sharer\/sharer.php?u=https%3A%2F%2Fwww.spreadshop.com%2Fblog%2Ffr%2Fguide-boutique%2Factiver-des-produits%2F\" title=\"Envoyer par Facebook\" aria-label=\"Envoyer par Facebook\" role=\"button\" rel=\"nofollow\" class=\"shariff-link\" style=\"; background-color:#3b5998; color:#fff\" target=\"_blank\"><span class=\"shariff-icon\" style=\"\"><svg width=\"32px\" height=\"20px\" xmlns=\"http:\/\/www.w3.org\/2000\/svg\" viewBox=\"0 0 18 32\"><path fill=\"#3b5998\" d=\"M17.1 0.2v4.7h-2.8q-1.5 0-2.1 0.6t-0.5 1.9v3.4h5.2l-0.7 5.3h-4.5v13.6h-5.5v-13.6h-4.5v-5.3h4.5v-3.9q0-3.3 1.9-5.2t5-1.8q2.6 0 4.1 0.2z\"><\/path><\/svg><\/span><span class=\"shariff-text\">partager<\/span>&nbsp;<\/a><\/li>\n<li class=\"shariff-button twitter shariff-nocustomcolor\" style=\"background-color:#595959\"><a href=\"https:\/\/twitter.com\/share?url=https%3A%2F%2Fwww.spreadshop.com%2Fblog%2Ffr%2Fguide-boutique%2Factiver-des-produits%2F&text=Activer%20des%20produits\" title=\"Envoyer par X\" aria-label=\"Envoyer par X\" role=\"button\" rel=\"noopener nofollow\" class=\"shariff-link\" style=\"; background-color:#000; color:#fff\" target=\"_blank\"><span class=\"shariff-icon\" style=\"\"><svg width=\"32px\" height=\"20px\" xmlns=\"http:\/\/www.w3.org\/2000\/svg\" viewBox=\"0 0 24 24\"><path fill=\"#000\" d=\"M14.258 10.152L23.176 0h-2.113l-7.747 8.813L7.133 0H0l9.352 13.328L0 23.973h2.113l8.176-9.309 6.531 9.309h7.133zm-2.895 3.293l-.949-1.328L2.875 1.56h3.246l6.086 8.523.945 1.328 7.91 11.078h-3.246zm0 0\"><\/path><\/svg><\/span><span class=\"shariff-text\">partager<\/span>&nbsp;<\/a><\/li>\n<li class=\"shariff-button pinterest shariff-nocustomcolor\" style=\"background-color:#e70f18\"><a href=\"https:\/\/www.pinterest.com\/pin\/create\/link\/?url=https%3A%2F%2Fwww.spreadshop.com%2Fblog%2Ffr%2Fguide-boutique%2Factiver-des-produits%2F&media=https%3A%2F%2Fwww.spreadshop.com%2Fblog%2Ffr%2Ffiles%2F2021%2F06%2FSellingGuide_ProductActivation.png&description=Activer%20des%20produits\" title=\"Envoyer par Pinterest\" aria-label=\"Envoyer par Pinterest\" role=\"button\" rel=\"noopener nofollow\" class=\"shariff-link\" style=\"; background-color:#cb2027; color:#fff\" target=\"_blank\"><span class=\"shariff-icon\" style=\"\"><svg width=\"32px\" height=\"20px\" xmlns=\"http:\/\/www.w3.org\/2000\/svg\" viewBox=\"0 0 27 32\"><path fill=\"#cb2027\" d=\"M27.4 16q0 3.7-1.8 6.9t-5 5-6.9 1.9q-2 0-3.9-0.6 1.1-1.7 1.4-2.9 0.2-0.6 1-3.8 0.4 0.7 1.3 1.2t2 0.5q2.1 0 3.8-1.2t2.7-3.4 0.9-4.8q0-2-1.1-3.8t-3.1-2.9-4.5-1.2q-1.9 0-3.5 0.5t-2.8 1.4-2 2-1.2 2.3-0.4 2.4q0 1.9 0.7 3.3t2.1 2q0.5 0.2 0.7-0.4 0-0.1 0.1-0.5t0.2-0.5q0.1-0.4-0.2-0.8-0.9-1.1-0.9-2.7 0-2.7 1.9-4.6t4.9-2q2.7 0 4.2 1.5t1.5 3.8q0 3-1.2 5.2t-3.1 2.1q-1.1 0-1.7-0.8t-0.4-1.9q0.1-0.6 0.5-1.7t0.5-1.8 0.2-1.4q0-0.9-0.5-1.5t-1.4-0.6q-1.1 0-1.9 1t-0.8 2.6q0 1.3 0.4 2.2l-1.8 7.5q-0.3 1.2-0.2 3.2-3.7-1.6-6-5t-2.3-7.6q0-3.7 1.9-6.9t5-5 6.9-1.9 6.9 1.9 5 5 1.8 6.9z\"><\/path><\/svg><\/span><span class=\"shariff-text\">enregistrer<\/span>&nbsp;<\/a><\/li>\n<\/ul>\n<\/div>\n","protected":false},"excerpt":{"rendered":"<p>Nous ajoutons r\u00e9guli\u00e8rement de nouveaux produits \u00e0 notre gamme. Nous vous montrons ici comment ajouter de nouveaux produits \u00e0 votre s\u00e9lection et gagner du temps avec les fonctionnalit\u00e9s du Spreadshop. <a href=\"https:\/\/www.spreadshop.com\/fr\/blog\/guide-boutique\/activer-des-produits\/\">Lire plus<\/a><\/p>\n","protected":false},"author":777,"featured_media":11490,"parent":11470,"menu_order":0,"comment_status":"closed","ping_status":"closed","template":"selling-guide\/selling-guide-course.php","meta":{"publish_to_discourse":"","publish_post_category":"","wpdc_auto_publish_overridden":"","wpdc_topic_tags":"","wpdc_pin_topic":"","wpdc_pin_until":"","discourse_post_id":"","discourse_permalink":"","wpdc_publishing_response":"","wpdc_publishing_error":"","_cloudinary_featured_overwrite":false},"yoast_head":"<!-- This site is optimized with the Yoast SEO plugin v19.7.1 - https:\/\/yoast.com\/wordpress\/plugins\/seo\/ -->\n<title>Activer des produits | Le Spreadshop Blog<\/title>\n<meta name=\"robots\" content=\"index, follow, max-snippet:-1, max-image-preview:large, max-video-preview:-1\" \/>\n<link rel=\"canonical\" href=\"https:\/\/www.spreadshop.com\/fr\/blog\/guide-boutique\/activer-des-produits\/\" \/>\n<meta property=\"og:locale\" content=\"fr_FR\" \/>\n<meta property=\"og:type\" content=\"article\" \/>\n<meta property=\"og:title\" content=\"Activer des produits | Le Spreadshop Blog\" \/>\n<meta property=\"og:description\" content=\"Nous ajoutons r\u00e9guli\u00e8rement de nouveaux produits \u00e0 notre gamme. Nous vous montrons ici comment ajouter de nouveaux produits \u00e0 votre s\u00e9lection et gagner du temps avec les fonctionnalit\u00e9s du Spreadshop. Lire plus\" \/>\n<meta property=\"og:url\" content=\"https:\/\/www.spreadshop.com\/fr\/blog\/guide-boutique\/activer-des-produits\/\" \/>\n<meta property=\"og:site_name\" content=\"Le Spreadshop Blog\" \/>\n<meta property=\"article:modified_time\" content=\"2019-06-17T08:14:09+00:00\" \/>\n<meta property=\"og:image\" content=\"https:\/\/images.spreadshop.com\/images\/f_auto,q_auto\/v1556614683\/blog\/Selling-Guide\/SellingGuide_ProductActivation\/SellingGuide_ProductActivation.png?_i=AA\" \/>\n\t<meta property=\"og:image:width\" content=\"800\" \/>\n\t<meta property=\"og:image:height\" content=\"450\" \/>\n\t<meta property=\"og:image:type\" content=\"image\/png\" \/>\n<script type=\"application\/ld+json\" class=\"yoast-schema-graph\">{\"@context\":\"https:\/\/schema.org\",\"@graph\":[{\"@type\":\"WebPage\",\"@id\":\"https:\/\/www.spreadshop.com\/fr\/blog\/guide-boutique\/activer-des-produits\/\",\"url\":\"https:\/\/www.spreadshop.com\/fr\/blog\/guide-boutique\/activer-des-produits\/\",\"name\":\"Activer des produits | Le Spreadshop Blog\",\"isPartOf\":{\"@id\":\"https:\/\/www.spreadshop.com\/fr\/blog\/#website\"},\"datePublished\":\"2019-06-05T11:42:35+00:00\",\"dateModified\":\"2019-06-17T08:14:09+00:00\",\"breadcrumb\":{\"@id\":\"https:\/\/www.spreadshop.com\/fr\/blog\/guide-boutique\/activer-des-produits\/#breadcrumb\"},\"inLanguage\":\"fr-FR\",\"potentialAction\":[{\"@type\":\"ReadAction\",\"target\":[\"https:\/\/www.spreadshop.com\/fr\/blog\/guide-boutique\/activer-des-produits\/\"]}]},{\"@type\":\"BreadcrumbList\",\"@id\":\"https:\/\/www.spreadshop.com\/fr\/blog\/guide-boutique\/activer-des-produits\/#breadcrumb\",\"itemListElement\":[{\"@type\":\"ListItem\",\"position\":1,\"name\":\"Home\",\"item\":\"https:\/\/www.spreadshop.com\/fr\/blog\/\"},{\"@type\":\"ListItem\",\"position\":2,\"name\":\"Guide boutique\",\"item\":\"https:\/\/www.spreadshop.com\/fr\/blog\/guide-boutique\/\"},{\"@type\":\"ListItem\",\"position\":3,\"name\":\"Activer des produits\"}]},{\"@type\":\"WebSite\",\"@id\":\"https:\/\/www.spreadshop.com\/fr\/blog\/#website\",\"url\":\"https:\/\/www.spreadshop.com\/fr\/blog\/\",\"name\":\"Le Spreadshop Blog\",\"description\":\"Bienvenue\",\"potentialAction\":[{\"@type\":\"SearchAction\",\"target\":{\"@type\":\"EntryPoint\",\"urlTemplate\":\"https:\/\/www.spreadshop.com\/fr\/blog\/?s={search_term_string}\"},\"query-input\":\"required name=search_term_string\"}],\"inLanguage\":\"fr-FR\"}]}<\/script>\n<!-- \/ Yoast SEO plugin. -->","yoast_head_json":{"title":"Activer des produits | Le Spreadshop Blog","robots":{"index":"index","follow":"follow","max-snippet":"max-snippet:-1","max-image-preview":"max-image-preview:large","max-video-preview":"max-video-preview:-1"},"canonical":"https:\/\/www.spreadshop.com\/fr\/blog\/guide-boutique\/activer-des-produits\/","og_locale":"fr_FR","og_type":"article","og_title":"Activer des produits | Le Spreadshop Blog","og_description":"Nous ajoutons r\u00e9guli\u00e8rement de nouveaux produits \u00e0 notre gamme. Nous vous montrons ici comment ajouter de nouveaux produits \u00e0 votre s\u00e9lection et gagner du temps avec les fonctionnalit\u00e9s du Spreadshop. Lire plus","og_url":"https:\/\/www.spreadshop.com\/fr\/blog\/guide-boutique\/activer-des-produits\/","og_site_name":"Le Spreadshop Blog","article_modified_time":"2019-06-17T08:14:09+00:00","og_image":[{"width":800,"height":450,"url":"https:\/\/images.spreadshop.com\/images\/f_auto,q_auto\/v1556614683\/blog\/Selling-Guide\/SellingGuide_ProductActivation\/SellingGuide_ProductActivation.png?_i=AA","type":"image\/png"}],"schema":{"@context":"https:\/\/schema.org","@graph":[{"@type":"WebPage","@id":"https:\/\/www.spreadshop.com\/fr\/blog\/guide-boutique\/activer-des-produits\/","url":"https:\/\/www.spreadshop.com\/fr\/blog\/guide-boutique\/activer-des-produits\/","name":"Activer des produits | Le Spreadshop Blog","isPartOf":{"@id":"https:\/\/www.spreadshop.com\/fr\/blog\/#website"},"datePublished":"2019-06-05T11:42:35+00:00","dateModified":"2019-06-17T08:14:09+00:00","breadcrumb":{"@id":"https:\/\/www.spreadshop.com\/fr\/blog\/guide-boutique\/activer-des-produits\/#breadcrumb"},"inLanguage":"fr-FR","potentialAction":[{"@type":"ReadAction","target":["https:\/\/www.spreadshop.com\/fr\/blog\/guide-boutique\/activer-des-produits\/"]}]},{"@type":"BreadcrumbList","@id":"https:\/\/www.spreadshop.com\/fr\/blog\/guide-boutique\/activer-des-produits\/#breadcrumb","itemListElement":[{"@type":"ListItem","position":1,"name":"Home","item":"https:\/\/www.spreadshop.com\/fr\/blog\/"},{"@type":"ListItem","position":2,"name":"Guide boutique","item":"https:\/\/www.spreadshop.com\/fr\/blog\/guide-boutique\/"},{"@type":"ListItem","position":3,"name":"Activer des produits"}]},{"@type":"WebSite","@id":"https:\/\/www.spreadshop.com\/fr\/blog\/#website","url":"https:\/\/www.spreadshop.com\/fr\/blog\/","name":"Le Spreadshop Blog","description":"Bienvenue","potentialAction":[{"@type":"SearchAction","target":{"@type":"EntryPoint","urlTemplate":"https:\/\/www.spreadshop.com\/fr\/blog\/?s={search_term_string}"},"query-input":"required name=search_term_string"}],"inLanguage":"fr-FR"}]}},"_links":{"self":[{"href":"https:\/\/www.spreadshop.com\/fr\/blog\/wp-json\/wp\/v2\/pages\/11488"}],"collection":[{"href":"https:\/\/www.spreadshop.com\/fr\/blog\/wp-json\/wp\/v2\/pages"}],"about":[{"href":"https:\/\/www.spreadshop.com\/fr\/blog\/wp-json\/wp\/v2\/types\/page"}],"author":[{"embeddable":true,"href":"https:\/\/www.spreadshop.com\/fr\/blog\/wp-json\/wp\/v2\/users\/777"}],"replies":[{"embeddable":true,"href":"https:\/\/www.spreadshop.com\/fr\/blog\/wp-json\/wp\/v2\/comments?post=11488"}],"version-history":[{"count":2,"href":"https:\/\/www.spreadshop.com\/fr\/blog\/wp-json\/wp\/v2\/pages\/11488\/revisions"}],"predecessor-version":[{"id":11491,"href":"https:\/\/www.spreadshop.com\/fr\/blog\/wp-json\/wp\/v2\/pages\/11488\/revisions\/11491"}],"up":[{"embeddable":true,"href":"https:\/\/www.spreadshop.com\/fr\/blog\/wp-json\/wp\/v2\/pages\/11470"}],"wp:featuredmedia":[{"embeddable":true,"href":"https:\/\/www.spreadshop.com\/fr\/blog\/wp-json\/wp\/v2\/media\/11490"}],"wp:attachment":[{"href":"https:\/\/www.spreadshop.com\/fr\/blog\/wp-json\/wp\/v2\/media?parent=11488"}],"curies":[{"name":"wp","href":"https:\/\/api.w.org\/{rel}","templated":true}]}}